{"id":99919,"date":"2024-12-27T08:42:09","date_gmt":"2024-12-27T07:42:09","guid":{"rendered":"https:\/\/www.atta45.se\/e-butik\/?post_type=product&#038;p=99919"},"modified":"2025-10-28T00:38:14","modified_gmt":"2025-10-27T23:38:14","slug":"hoodie-zip-up-eu","status":"publish","type":"product","link":"https:\/\/www.atta45.se\/e-butik\/produkt\/hoodie-zip-up-eu\/","title":{"rendered":"Hoodie Zip-up EU"},"content":{"rendered":"<p>Producerad i Europa<\/p>\n<p>Klassisk hoodie. Nytt, f\u00f6rb\u00e4ttrat snitt. En v\u00e4lskuren huva. Dragsko i huvan och ribbade muddar. H\u00f6g kvalitet. Mjuk, borstad p\u00e5 insidan. Unisex snitt.<\/p>\n<p>Hela produkten trycks i din design. Allt fr\u00e5n bottenf\u00e4rgen till logotypen. G\u00f6rs i fullf\u00e4rgstryck, vilket ger total frihet i f\u00e4rger och layout.<\/p>\n<p>Storlekar: Olika storlekar<br \/>Material: 100% Polyester<br \/>F\u00f6rpackad: individuell <\/p>\n<p>The One Premium<\/p>\n","protected":false},"excerpt":{"rendered":"<p>Producerad i Europa Klassisk hoodie. Nytt, f\u00f6rb\u00e4ttrat snitt. En v\u00e4lskuren huva. Dragsko i huvan och ribbade muddar. H\u00f6g kvalitet. Mjuk, borstad p\u00e5 insidan. Unisex snitt. Hela produkten trycks i din design. Allt fr\u00e5n bottenf\u00e4rgen till logotypen. G\u00f6rs i fullf\u00e4rgstryck, vilket ger total frihet i f\u00e4rger och layout. Storlekar: Olika storlekarMaterial: 100% PolyesterF\u00f6rpackad: individuell The One [&hellip;]<\/p>\n","protected":false},"featured_media":99920,"template":"","meta":{"_acf_changed":false,"_seopress_robots_primary_cat":"","_seopress_titles_title":"","_seopress_titles_desc":"","_seopress_robots_index":""},"product_brand":[],"product_cat":[15],"product_tag":[],"class_list":{"0":"post-99919","1":"product","2":"type-product","3":"status-publish","4":"has-post-thumbnail","6":"product_cat-okategoriserad","7":"atta45_taxonomy-nyheter-sv","8":"atta45_taxonomy-textil-sweatshirts-collegetrojor-sv","9":"atta45_taxonomy-tema-inspiration-varumarken-the-one-premium-sv","11":"first","12":"instock","13":"taxable","14":"shipping-taxable","15":"purchasable","16":"product-type-variable"},"acf":[],"_links":{"self":[{"href":"https:\/\/www.atta45.se\/e-butik\/wp-json\/wp\/v2\/product\/99919","targetHints":{"allow":["GET"]}}],"collection":[{"href":"https:\/\/www.atta45.se\/e-butik\/wp-json\/wp\/v2\/product"}],"about":[{"href":"https:\/\/www.atta45.se\/e-butik\/wp-json\/wp\/v2\/types\/product"}],"wp:featuredmedia":[{"embeddable":true,"href":"https:\/\/www.atta45.se\/e-butik\/wp-json\/wp\/v2\/media\/99920"}],"wp:attachment":[{"href":"https:\/\/www.atta45.se\/e-butik\/wp-json\/wp\/v2\/media?parent=99919"}],"wp:term":[{"taxonomy":"product_brand","embeddable":true,"href":"https:\/\/www.atta45.se\/e-butik\/wp-json\/wp\/v2\/product_brand?post=99919"},{"taxonomy":"product_cat","embeddable":true,"href":"https:\/\/www.atta45.se\/e-butik\/wp-json\/wp\/v2\/product_cat?post=99919"},{"taxonomy":"product_tag","embeddable":true,"href":"https:\/\/www.atta45.se\/e-butik\/wp-json\/wp\/v2\/product_tag?post=99919"}],"curies":[{"name":"wp","href":"https:\/\/api.w.org\/{rel}","templated":true}]}}