{"id":99849,"date":"2024-12-27T08:40:59","date_gmt":"2024-12-27T07:40:59","guid":{"rendered":"https:\/\/www.atta45.se\/e-butik\/?post_type=product&#038;p=99849"},"modified":"2025-10-27T14:43:12","modified_gmt":"2025-10-27T13:43:12","slug":"polyester-600d-ryggsack-paul","status":"publish","type":"product","link":"https:\/\/www.atta45.se\/e-butik\/produkt\/polyester-600d-ryggsack-paul\/","title":{"rendered":"Ryggs\u00e4ck polyester (600D) Paul"},"content":{"rendered":"<p>Ryggs\u00e4ck i polyester (600D) med framficka med dragkedja och justerbara vadderade axelband. Med en hemlig ficka p\u00e5 baksidan och reflexr\u00e4nder p\u00e5 framsidan.<\/p>\n","protected":false},"excerpt":{"rendered":"<p>Ryggs\u00e4ck i polyester (600D) med framficka med dragkedja och justerbara vadderade axelband. Med en hemlig ficka p\u00e5 baksidan och reflexr\u00e4nder p\u00e5 framsidan.<\/p>\n","protected":false},"featured_media":99850,"template":"","meta":{"_acf_changed":false,"_seopress_robots_primary_cat":"","_seopress_titles_title":"","_seopress_titles_desc":"","_seopress_robots_index":""},"product_brand":[],"product_cat":[15],"product_tag":[],"class_list":{"0":"post-99849","1":"product","2":"type-product","3":"status-publish","4":"has-post-thumbnail","6":"product_cat-okategoriserad","7":"atta45_taxonomy-tema-inspiration-ogonblick-arsslut-sv","8":"atta45_taxonomy-nyheter-sv","9":"atta45_taxonomy-tema-inspiration-utvalda-produkter-nyheter-sv","10":"atta45_taxonomy-vaskor-resetillbehor-ryggsackar-sv","11":"atta45_taxonomy-vaskor-resetillbehor-ryggsackar-axelremsvaskor-sv","12":"atta45_taxonomy-tema-inspiration-sv","13":"atta45_taxonomy-textil-vaskor-bagar-sv","14":"atta45_taxonomy-vaskor-resetillbehor-sv","16":"first","17":"instock","18":"taxable","19":"shipping-taxable","20":"purchasable","21":"product-type-variable"},"acf":[],"_links":{"self":[{"href":"https:\/\/www.atta45.se\/e-butik\/wp-json\/wp\/v2\/product\/99849","targetHints":{"allow":["GET"]}}],"collection":[{"href":"https:\/\/www.atta45.se\/e-butik\/wp-json\/wp\/v2\/product"}],"about":[{"href":"https:\/\/www.atta45.se\/e-butik\/wp-json\/wp\/v2\/types\/product"}],"wp:featuredmedia":[{"embeddable":true,"href":"https:\/\/www.atta45.se\/e-butik\/wp-json\/wp\/v2\/media\/99850"}],"wp:attachment":[{"href":"https:\/\/www.atta45.se\/e-butik\/wp-json\/wp\/v2\/media?parent=99849"}],"wp:term":[{"taxonomy":"product_brand","embeddable":true,"href":"https:\/\/www.atta45.se\/e-butik\/wp-json\/wp\/v2\/product_brand?post=99849"},{"taxonomy":"product_cat","embeddable":true,"href":"https:\/\/www.atta45.se\/e-butik\/wp-json\/wp\/v2\/product_cat?post=99849"},{"taxonomy":"product_tag","embeddable":true,"href":"https:\/\/www.atta45.se\/e-butik\/wp-json\/wp\/v2\/product_tag?post=99849"}],"curies":[{"name":"wp","href":"https:\/\/api.w.org\/{rel}","templated":true}]}}