{"id":99761,"date":"2024-12-27T08:39:20","date_gmt":"2024-12-27T07:39:20","guid":{"rendered":"https:\/\/www.atta45.se\/e-butik\/?post_type=product&#038;p=99761"},"modified":"2025-10-27T23:55:02","modified_gmt":"2025-10-27T22:55:02","slug":"pannlampa-i-abs-mina","status":"publish","type":"product","link":"https:\/\/www.atta45.se\/e-butik\/produkt\/pannlampa-i-abs-mina\/","title":{"rendered":"Pannlampa i ABS Mina"},"content":{"rendered":"<p>Pannlampa i ABS med en LED och en COB-lampa. V\u00e4xla mellan de olika lamporna genom att trycka p\u00e5 knappen. Lampan kan riktas och \u00e4r enkel att ta av fr\u00e5n pannbandet. Laddningsbar via ett micro USB-C port. 3W\/100lum<\/p>\n","protected":false},"excerpt":{"rendered":"<p>Pannlampa i ABS med en LED och en COB-lampa. V\u00e4xla mellan de olika lamporna genom att trycka p\u00e5 knappen. Lampan kan riktas och \u00e4r enkel att ta av fr\u00e5n pannbandet. Laddningsbar via ett micro USB-C port. 3W\/100lum<\/p>\n","protected":false},"featured_media":99762,"template":"","meta":{"_acf_changed":false,"_seopress_robots_primary_cat":"","_seopress_titles_title":"","_seopress_titles_desc":"","_seopress_robots_index":""},"product_brand":[],"product_cat":[15],"product_tag":[],"class_list":{"0":"post-99761","1":"product","2":"type-product","3":"status-publish","4":"has-post-thumbnail","6":"product_cat-okategoriserad","7":"atta45_taxonomy-tema-inspiration-branscher-sv","8":"atta45_taxonomy-tema-inspiration-branscher-konstruktion-sv","9":"atta45_taxonomy-reflexer-verktyg-sakerhet-lampor-sv","10":"atta45_taxonomy-praktiska-ting-lampor-sv","11":"atta45_taxonomy-tema-inspiration-utvalda-produkter-nyheter-sv","12":"atta45_taxonomy-nyheter-sv","13":"atta45_taxonomy-tema-inspiration-sv","15":"first","16":"instock","17":"taxable","18":"shipping-taxable","19":"purchasable","20":"product-type-variable"},"acf":[],"_links":{"self":[{"href":"https:\/\/www.atta45.se\/e-butik\/wp-json\/wp\/v2\/product\/99761","targetHints":{"allow":["GET"]}}],"collection":[{"href":"https:\/\/www.atta45.se\/e-butik\/wp-json\/wp\/v2\/product"}],"about":[{"href":"https:\/\/www.atta45.se\/e-butik\/wp-json\/wp\/v2\/types\/product"}],"wp:featuredmedia":[{"embeddable":true,"href":"https:\/\/www.atta45.se\/e-butik\/wp-json\/wp\/v2\/media\/99762"}],"wp:attachment":[{"href":"https:\/\/www.atta45.se\/e-butik\/wp-json\/wp\/v2\/media?parent=99761"}],"wp:term":[{"taxonomy":"product_brand","embeddable":true,"href":"https:\/\/www.atta45.se\/e-butik\/wp-json\/wp\/v2\/product_brand?post=99761"},{"taxonomy":"product_cat","embeddable":true,"href":"https:\/\/www.atta45.se\/e-butik\/wp-json\/wp\/v2\/product_cat?post=99761"},{"taxonomy":"product_tag","embeddable":true,"href":"https:\/\/www.atta45.se\/e-butik\/wp-json\/wp\/v2\/product_tag?post=99761"}],"curies":[{"name":"wp","href":"https:\/\/api.w.org\/{rel}","templated":true}]}}