{"id":99749,"date":"2024-12-27T08:39:05","date_gmt":"2024-12-27T07:39:05","guid":{"rendered":"https:\/\/www.atta45.se\/e-butik\/?post_type=product&#038;p=99749"},"modified":"2025-10-27T20:38:17","modified_gmt":"2025-10-27T19:38:17","slug":"uppladdningsbar-cykellampa-av-abs-elisabeth","status":"publish","type":"product","link":"https:\/\/www.atta45.se\/e-butik\/produkt\/uppladdningsbar-cykellampa-av-abs-elisabeth\/","title":{"rendered":"Uppladdningsbar cykellampa  av ABS Elisabeth"},"content":{"rendered":"<p>Uppladdningsbara cykellampor (set om tv\u00e5) i ABS och silikon, med 3 LED-lampor med 4 ljusl\u00e4gen och en batterikapacitet p\u00e5 650 mAh. Individuellt f\u00f6rpackad i brun kartong.<\/p>\n","protected":false},"excerpt":{"rendered":"<p>Uppladdningsbara cykellampor (set om tv\u00e5) i ABS och silikon, med 3 LED-lampor med 4 ljusl\u00e4gen och en batterikapacitet p\u00e5 650 mAh. Individuellt f\u00f6rpackad i brun kartong.<\/p>\n","protected":false},"featured_media":99750,"template":"","meta":{"_acf_changed":false,"_seopress_robots_primary_cat":"","_seopress_titles_title":"","_seopress_titles_desc":"","_seopress_robots_index":""},"product_brand":[],"product_cat":[15],"product_tag":[],"class_list":{"0":"post-99749","1":"product","2":"type-product","3":"status-publish","4":"has-post-thumbnail","6":"product_cat-okategoriserad","7":"atta45_taxonomy-reflexer-verktyg-sakerhet-cykeltillbehor-sv","8":"atta45_taxonomy-tema-inspiration-utvalda-produkter-nyheter-sv","9":"atta45_taxonomy-nyheter-sv","11":"first","12":"instock","13":"taxable","14":"shipping-taxable","15":"purchasable","16":"product-type-variable"},"acf":[],"_links":{"self":[{"href":"https:\/\/www.atta45.se\/e-butik\/wp-json\/wp\/v2\/product\/99749","targetHints":{"allow":["GET"]}}],"collection":[{"href":"https:\/\/www.atta45.se\/e-butik\/wp-json\/wp\/v2\/product"}],"about":[{"href":"https:\/\/www.atta45.se\/e-butik\/wp-json\/wp\/v2\/types\/product"}],"wp:featuredmedia":[{"embeddable":true,"href":"https:\/\/www.atta45.se\/e-butik\/wp-json\/wp\/v2\/media\/99750"}],"wp:attachment":[{"href":"https:\/\/www.atta45.se\/e-butik\/wp-json\/wp\/v2\/media?parent=99749"}],"wp:term":[{"taxonomy":"product_brand","embeddable":true,"href":"https:\/\/www.atta45.se\/e-butik\/wp-json\/wp\/v2\/product_brand?post=99749"},{"taxonomy":"product_cat","embeddable":true,"href":"https:\/\/www.atta45.se\/e-butik\/wp-json\/wp\/v2\/product_cat?post=99749"},{"taxonomy":"product_tag","embeddable":true,"href":"https:\/\/www.atta45.se\/e-butik\/wp-json\/wp\/v2\/product_tag?post=99749"}],"curies":[{"name":"wp","href":"https:\/\/api.w.org\/{rel}","templated":true}]}}