{"id":99721,"date":"2024-12-27T08:38:34","date_gmt":"2024-12-27T07:38:34","guid":{"rendered":"https:\/\/www.atta45.se\/e-butik\/?post_type=product&#038;p=99721"},"modified":"2025-10-27T20:34:36","modified_gmt":"2025-10-27T19:34:36","slug":"svart-gavoask-med-termoflaska-penna-och-anteckningsbok-kurt","status":"publish","type":"product","link":"https:\/\/www.atta45.se\/e-butik\/produkt\/svart-gavoask-med-termoflaska-penna-och-anteckningsbok-kurt\/","title":{"rendered":"Svart g\u00e5voask med termoflaska, penna och anteckningsbok Kurt"},"content":{"rendered":"<p>Svart presentf\u00f6rpackning i kartong med 3 f\u00f6rem\u00e5l: en vakuumisolerad dubbelv\u00e4ggig dricksflaska i rostfritt st\u00e5l (640 ml) med ett PP-lock, silikonrem och bambudetalj p\u00e5 toppen. Insidan \u00e4r rostfritt st\u00e5l 304, utsidan rostfritt st\u00e5l 201; en aluminiumkulpenna med en matt finish, bl\u00e5 skrift och en bambudetalj p\u00e5 kl\u00e4mman; och en rPET (300D) anteckningsbok (ca A5) med 80 linjerade sidor och ett vikbart fodral som f\u00f6rvandlas till en telefonh\u00e5llare, med bambudetaljer p\u00e5 omslaget.<\/p>\n","protected":false},"excerpt":{"rendered":"<p>Svart presentf\u00f6rpackning i kartong med 3 f\u00f6rem\u00e5l: en vakuumisolerad dubbelv\u00e4ggig dricksflaska i rostfritt st\u00e5l (640 ml) med ett PP-lock, silikonrem och bambudetalj p\u00e5 toppen. Insidan \u00e4r rostfritt st\u00e5l 304, utsidan rostfritt st\u00e5l 201; en aluminiumkulpenna med en matt finish, bl\u00e5 skrift och en bambudetalj p\u00e5 kl\u00e4mman; och en rPET (300D) anteckningsbok (ca A5) med 80 [&hellip;]<\/p>\n","protected":false},"featured_media":99722,"template":"","meta":{"_acf_changed":false,"_seopress_robots_primary_cat":"","_seopress_titles_title":"","_seopress_titles_desc":"","_seopress_robots_index":""},"product_brand":[],"product_cat":[15],"product_tag":[],"class_list":{"0":"post-99721","1":"product","2":"type-product","3":"status-publish","4":"has-post-thumbnail","6":"product_cat-okategoriserad","7":"atta45_taxonomy-nyheter-sv","8":"atta45_taxonomy-tema-inspiration-utvalda-produkter-nyheter-sv","10":"first","11":"instock","12":"taxable","13":"shipping-taxable","14":"purchasable","15":"product-type-variable"},"acf":[],"_links":{"self":[{"href":"https:\/\/www.atta45.se\/e-butik\/wp-json\/wp\/v2\/product\/99721","targetHints":{"allow":["GET"]}}],"collection":[{"href":"https:\/\/www.atta45.se\/e-butik\/wp-json\/wp\/v2\/product"}],"about":[{"href":"https:\/\/www.atta45.se\/e-butik\/wp-json\/wp\/v2\/types\/product"}],"wp:featuredmedia":[{"embeddable":true,"href":"https:\/\/www.atta45.se\/e-butik\/wp-json\/wp\/v2\/media\/99722"}],"wp:attachment":[{"href":"https:\/\/www.atta45.se\/e-butik\/wp-json\/wp\/v2\/media?parent=99721"}],"wp:term":[{"taxonomy":"product_brand","embeddable":true,"href":"https:\/\/www.atta45.se\/e-butik\/wp-json\/wp\/v2\/product_brand?post=99721"},{"taxonomy":"product_cat","embeddable":true,"href":"https:\/\/www.atta45.se\/e-butik\/wp-json\/wp\/v2\/product_cat?post=99721"},{"taxonomy":"product_tag","embeddable":true,"href":"https:\/\/www.atta45.se\/e-butik\/wp-json\/wp\/v2\/product_tag?post=99721"}],"curies":[{"name":"wp","href":"https:\/\/api.w.org\/{rel}","templated":true}]}}