{"id":99707,"date":"2024-12-27T08:38:18","date_gmt":"2024-12-27T07:38:18","guid":{"rendered":"https:\/\/www.atta45.se\/e-butik\/?post_type=product&#038;p=99707"},"modified":"2025-10-27T20:31:50","modified_gmt":"2025-10-27T19:31:50","slug":"sminkvaska-i-denim-marianne","status":"publish","type":"product","link":"https:\/\/www.atta45.se\/e-butik\/produkt\/sminkvaska-i-denim-marianne\/","title":{"rendered":"Sminkv\u00e4ska i denim Marianne"},"content":{"rendered":"<p>Sminkv\u00e4ska av denim med detaljer i PU och dragkedja. Kort b\u00e4rhandtag.<\/p>\n","protected":false},"excerpt":{"rendered":"<p>Sminkv\u00e4ska av denim med detaljer i PU och dragkedja. Kort b\u00e4rhandtag.<\/p>\n","protected":false},"featured_media":99708,"template":"","meta":{"_acf_changed":false,"_seopress_robots_primary_cat":"","_seopress_titles_title":"","_seopress_titles_desc":"","_seopress_robots_index":""},"product_brand":[],"product_cat":[15],"product_tag":[],"class_list":{"0":"post-99707","1":"product","2":"type-product","3":"status-publish","4":"has-post-thumbnail","6":"product_cat-okategoriserad","7":"atta45_taxonomy-textil-halsovard-och-valbefinnande-sv","8":"atta45_taxonomy-textil-hem-interior-sv","9":"atta45_taxonomy-tema-inspiration-utvalda-produkter-nyheter-sv","10":"atta45_taxonomy-nyheter-sv","11":"atta45_taxonomy-vaskor-resetillbehor-sminkvaska-sv","12":"atta45_taxonomy-vaskor-resetillbehor-sv","14":"first","15":"instock","16":"taxable","17":"shipping-taxable","18":"purchasable","19":"product-type-variable"},"acf":[],"_links":{"self":[{"href":"https:\/\/www.atta45.se\/e-butik\/wp-json\/wp\/v2\/product\/99707","targetHints":{"allow":["GET"]}}],"collection":[{"href":"https:\/\/www.atta45.se\/e-butik\/wp-json\/wp\/v2\/product"}],"about":[{"href":"https:\/\/www.atta45.se\/e-butik\/wp-json\/wp\/v2\/types\/product"}],"wp:featuredmedia":[{"embeddable":true,"href":"https:\/\/www.atta45.se\/e-butik\/wp-json\/wp\/v2\/media\/99708"}],"wp:attachment":[{"href":"https:\/\/www.atta45.se\/e-butik\/wp-json\/wp\/v2\/media?parent=99707"}],"wp:term":[{"taxonomy":"product_brand","embeddable":true,"href":"https:\/\/www.atta45.se\/e-butik\/wp-json\/wp\/v2\/product_brand?post=99707"},{"taxonomy":"product_cat","embeddable":true,"href":"https:\/\/www.atta45.se\/e-butik\/wp-json\/wp\/v2\/product_cat?post=99707"},{"taxonomy":"product_tag","embeddable":true,"href":"https:\/\/www.atta45.se\/e-butik\/wp-json\/wp\/v2\/product_tag?post=99707"}],"curies":[{"name":"wp","href":"https:\/\/api.w.org\/{rel}","templated":true}]}}