{"id":99695,"date":"2024-12-27T08:38:03","date_gmt":"2024-12-27T07:38:03","guid":{"rendered":"https:\/\/www.atta45.se\/e-butik\/?post_type=product&#038;p=99695"},"modified":"2025-10-27T20:30:59","modified_gmt":"2025-10-27T19:30:59","slug":"hjalmoverdrag-av-polyester-horst","status":"publish","type":"product","link":"https:\/\/www.atta45.se\/e-butik\/produkt\/hjalmoverdrag-av-polyester-horst\/","title":{"rendered":"Hj\u00e4lm\u00f6verdrag av polyester Horst"},"content":{"rendered":"<p>\u00d6verdrag f\u00f6r cykelhj\u00e4lm av polyester med dragsko som st\u00e4ngs p\u00e5 insidan av baksidan. Reflekterande och vattenavvisande.<\/p>\n","protected":false},"excerpt":{"rendered":"<p>\u00d6verdrag f\u00f6r cykelhj\u00e4lm av polyester med dragsko som st\u00e4ngs p\u00e5 insidan av baksidan. Reflekterande och vattenavvisande.<\/p>\n","protected":false},"featured_media":99696,"template":"","meta":{"_acf_changed":false,"_seopress_robots_primary_cat":"","_seopress_titles_title":"","_seopress_titles_desc":"","_seopress_robots_index":""},"product_brand":[],"product_cat":[15],"product_tag":[],"class_list":{"0":"post-99695","1":"product","2":"type-product","3":"status-publish","4":"has-post-thumbnail","6":"product_cat-okategoriserad","7":"atta45_taxonomy-reflexer-verktyg-sakerhet-cykeltillbehor-sv","8":"atta45_taxonomy-tema-inspiration-utvalda-produkter-nyheter-sv","9":"atta45_taxonomy-nyheter-sv","11":"first","12":"instock","13":"taxable","14":"shipping-taxable","15":"purchasable","16":"product-type-variable"},"acf":[],"_links":{"self":[{"href":"https:\/\/www.atta45.se\/e-butik\/wp-json\/wp\/v2\/product\/99695","targetHints":{"allow":["GET"]}}],"collection":[{"href":"https:\/\/www.atta45.se\/e-butik\/wp-json\/wp\/v2\/product"}],"about":[{"href":"https:\/\/www.atta45.se\/e-butik\/wp-json\/wp\/v2\/types\/product"}],"wp:featuredmedia":[{"embeddable":true,"href":"https:\/\/www.atta45.se\/e-butik\/wp-json\/wp\/v2\/media\/99696"}],"wp:attachment":[{"href":"https:\/\/www.atta45.se\/e-butik\/wp-json\/wp\/v2\/media?parent=99695"}],"wp:term":[{"taxonomy":"product_brand","embeddable":true,"href":"https:\/\/www.atta45.se\/e-butik\/wp-json\/wp\/v2\/product_brand?post=99695"},{"taxonomy":"product_cat","embeddable":true,"href":"https:\/\/www.atta45.se\/e-butik\/wp-json\/wp\/v2\/product_cat?post=99695"},{"taxonomy":"product_tag","embeddable":true,"href":"https:\/\/www.atta45.se\/e-butik\/wp-json\/wp\/v2\/product_tag?post=99695"}],"curies":[{"name":"wp","href":"https:\/\/api.w.org\/{rel}","templated":true}]}}