{"id":99641,"date":"2024-12-27T08:37:06","date_gmt":"2024-12-27T07:37:06","guid":{"rendered":"https:\/\/www.atta45.se\/e-butik\/?post_type=product&#038;p=99641"},"modified":"2025-10-27T20:28:43","modified_gmt":"2025-10-27T19:28:43","slug":"nodhammare-av-abs-erika","status":"publish","type":"product","link":"https:\/\/www.atta45.se\/e-butik\/produkt\/nodhammare-av-abs-erika\/","title":{"rendered":"N\u00f6dhammare av ABS Erika"},"content":{"rendered":"<p>N\u00f6dhammare i ABS, inklusive vitt LED-ljus (sl\u00e5 p\u00e5\/av), integrerad b\u00e4ltesklippare och f\u00f6nsterhammare. Hammaren \u00e4r skyddad med en gummispets. Individuellt f\u00f6rpackad i brun kartong.<\/p>\n","protected":false},"excerpt":{"rendered":"<p>N\u00f6dhammare i ABS, inklusive vitt LED-ljus (sl\u00e5 p\u00e5\/av), integrerad b\u00e4ltesklippare och f\u00f6nsterhammare. Hammaren \u00e4r skyddad med en gummispets. Individuellt f\u00f6rpackad i brun kartong.<\/p>\n","protected":false},"featured_media":99642,"template":"","meta":{"_acf_changed":false,"_seopress_robots_primary_cat":"","_seopress_titles_title":"","_seopress_titles_desc":"","_seopress_robots_index":""},"product_brand":[],"product_cat":[15],"product_tag":[],"class_list":{"0":"post-99641","1":"product","2":"type-product","3":"status-publish","4":"has-post-thumbnail","6":"product_cat-okategoriserad","7":"atta45_taxonomy-reflexer-verktyg-sakerhet-biltillbehor-sv","8":"atta45_taxonomy-nyheter-sv","9":"atta45_taxonomy-tema-inspiration-utvalda-produkter-nyheter-sv","11":"first","12":"instock","13":"taxable","14":"shipping-taxable","15":"purchasable","16":"product-type-variable"},"acf":[],"_links":{"self":[{"href":"https:\/\/www.atta45.se\/e-butik\/wp-json\/wp\/v2\/product\/99641","targetHints":{"allow":["GET"]}}],"collection":[{"href":"https:\/\/www.atta45.se\/e-butik\/wp-json\/wp\/v2\/product"}],"about":[{"href":"https:\/\/www.atta45.se\/e-butik\/wp-json\/wp\/v2\/types\/product"}],"wp:featuredmedia":[{"embeddable":true,"href":"https:\/\/www.atta45.se\/e-butik\/wp-json\/wp\/v2\/media\/99642"}],"wp:attachment":[{"href":"https:\/\/www.atta45.se\/e-butik\/wp-json\/wp\/v2\/media?parent=99641"}],"wp:term":[{"taxonomy":"product_brand","embeddable":true,"href":"https:\/\/www.atta45.se\/e-butik\/wp-json\/wp\/v2\/product_brand?post=99641"},{"taxonomy":"product_cat","embeddable":true,"href":"https:\/\/www.atta45.se\/e-butik\/wp-json\/wp\/v2\/product_cat?post=99641"},{"taxonomy":"product_tag","embeddable":true,"href":"https:\/\/www.atta45.se\/e-butik\/wp-json\/wp\/v2\/product_tag?post=99641"}],"curies":[{"name":"wp","href":"https:\/\/api.w.org\/{rel}","templated":true}]}}