{"id":99569,"date":"2024-12-27T08:35:40","date_gmt":"2024-12-27T07:35:40","guid":{"rendered":"https:\/\/www.atta45.se\/e-butik\/?post_type=product&#038;p=99569"},"modified":"2025-10-27T20:17:15","modified_gmt":"2025-10-27T19:17:15","slug":"ryggsack-av-pu-lader-senta","status":"publish","type":"product","link":"https:\/\/www.atta45.se\/e-butik\/produkt\/ryggsack-av-pu-lader-senta\/","title":{"rendered":"Ryggs\u00e4ck av PU-l\u00e4der Senta"},"content":{"rendered":"<p>Ryggs\u00e4ck i PU-l\u00e4der med PU-foder (210D) och baksida av PE-skum (5 mm). Inkluderar en laptopficka (15 tum) och en ficka med dragkedja p\u00e5 framsidan.<\/p>\n","protected":false},"excerpt":{"rendered":"<p>Ryggs\u00e4ck i PU-l\u00e4der med PU-foder (210D) och baksida av PE-skum (5 mm). Inkluderar en laptopficka (15 tum) och en ficka med dragkedja p\u00e5 framsidan.<\/p>\n","protected":false},"featured_media":99570,"template":"","meta":{"_acf_changed":false,"_seopress_robots_primary_cat":"","_seopress_titles_title":"","_seopress_titles_desc":"","_seopress_robots_index":""},"product_brand":[],"product_cat":[15],"product_tag":[],"class_list":{"0":"post-99569","1":"product","2":"type-product","3":"status-publish","4":"has-post-thumbnail","6":"product_cat-okategoriserad","7":"atta45_taxonomy-tema-inspiration-utvalda-produkter-nyheter-sv","8":"atta45_taxonomy-nyheter-sv","9":"atta45_taxonomy-vaskor-resetillbehor-ryggsackar-sv","10":"atta45_taxonomy-vaskor-resetillbehor-ryggsackar-axelremsvaskor-sv","11":"atta45_taxonomy-textil-vaskor-bagar-sv","12":"atta45_taxonomy-vaskor-resetillbehor-sv","14":"first","15":"instock","16":"taxable","17":"shipping-taxable","18":"purchasable","19":"product-type-variable"},"acf":[],"_links":{"self":[{"href":"https:\/\/www.atta45.se\/e-butik\/wp-json\/wp\/v2\/product\/99569","targetHints":{"allow":["GET"]}}],"collection":[{"href":"https:\/\/www.atta45.se\/e-butik\/wp-json\/wp\/v2\/product"}],"about":[{"href":"https:\/\/www.atta45.se\/e-butik\/wp-json\/wp\/v2\/types\/product"}],"wp:featuredmedia":[{"embeddable":true,"href":"https:\/\/www.atta45.se\/e-butik\/wp-json\/wp\/v2\/media\/99570"}],"wp:attachment":[{"href":"https:\/\/www.atta45.se\/e-butik\/wp-json\/wp\/v2\/media?parent=99569"}],"wp:term":[{"taxonomy":"product_brand","embeddable":true,"href":"https:\/\/www.atta45.se\/e-butik\/wp-json\/wp\/v2\/product_brand?post=99569"},{"taxonomy":"product_cat","embeddable":true,"href":"https:\/\/www.atta45.se\/e-butik\/wp-json\/wp\/v2\/product_cat?post=99569"},{"taxonomy":"product_tag","embeddable":true,"href":"https:\/\/www.atta45.se\/e-butik\/wp-json\/wp\/v2\/product_tag?post=99569"}],"curies":[{"name":"wp","href":"https:\/\/api.w.org\/{rel}","templated":true}]}}