{"id":99555,"date":"2024-12-27T08:35:23","date_gmt":"2024-12-27T07:35:23","guid":{"rendered":"https:\/\/www.atta45.se\/e-butik\/?post_type=product&#038;p=99555"},"modified":"2025-10-27T20:16:44","modified_gmt":"2025-10-27T19:16:44","slug":"necessar-i-polyester-600d-niklas","status":"publish","type":"product","link":"https:\/\/www.atta45.se\/e-butik\/produkt\/necessar-i-polyester-600d-niklas\/","title":{"rendered":"Necess\u00e4r i polyester (600D) Niklas"},"content":{"rendered":"<p>Necess\u00e4r i polyester (600D) med foder av PU (210D). Stort fack med dragkedja p\u00e5 ovansidan. Kort b\u00e4rrem.<\/p>\n","protected":false},"excerpt":{"rendered":"<p>Necess\u00e4r i polyester (600D) med foder av PU (210D). Stort fack med dragkedja p\u00e5 ovansidan. Kort b\u00e4rrem.<\/p>\n","protected":false},"featured_media":99556,"template":"","meta":{"_acf_changed":false,"_seopress_robots_primary_cat":"","_seopress_titles_title":"","_seopress_titles_desc":"","_seopress_robots_index":""},"product_brand":[],"product_cat":[15],"product_tag":[],"class_list":{"0":"post-99555","1":"product","2":"type-product","3":"status-publish","4":"has-post-thumbnail","6":"product_cat-okategoriserad","7":"atta45_taxonomy-textil-halsovard-och-valbefinnande-sv","8":"atta45_taxonomy-textil-hem-interior-sv","9":"atta45_taxonomy-tema-inspiration-utvalda-produkter-nyheter-sv","10":"atta45_taxonomy-nyheter-sv","11":"atta45_taxonomy-vaskor-resetillbehor-sminkvaska-sv","12":"atta45_taxonomy-vaskor-resetillbehor-sv","14":"first","15":"instock","16":"taxable","17":"shipping-taxable","18":"purchasable","19":"product-type-variable"},"acf":[],"_links":{"self":[{"href":"https:\/\/www.atta45.se\/e-butik\/wp-json\/wp\/v2\/product\/99555","targetHints":{"allow":["GET"]}}],"collection":[{"href":"https:\/\/www.atta45.se\/e-butik\/wp-json\/wp\/v2\/product"}],"about":[{"href":"https:\/\/www.atta45.se\/e-butik\/wp-json\/wp\/v2\/types\/product"}],"wp:featuredmedia":[{"embeddable":true,"href":"https:\/\/www.atta45.se\/e-butik\/wp-json\/wp\/v2\/media\/99556"}],"wp:attachment":[{"href":"https:\/\/www.atta45.se\/e-butik\/wp-json\/wp\/v2\/media?parent=99555"}],"wp:term":[{"taxonomy":"product_brand","embeddable":true,"href":"https:\/\/www.atta45.se\/e-butik\/wp-json\/wp\/v2\/product_brand?post=99555"},{"taxonomy":"product_cat","embeddable":true,"href":"https:\/\/www.atta45.se\/e-butik\/wp-json\/wp\/v2\/product_cat?post=99555"},{"taxonomy":"product_tag","embeddable":true,"href":"https:\/\/www.atta45.se\/e-butik\/wp-json\/wp\/v2\/product_tag?post=99555"}],"curies":[{"name":"wp","href":"https:\/\/api.w.org\/{rel}","templated":true}]}}