{"id":99541,"date":"2024-12-27T08:35:08","date_gmt":"2024-12-27T07:35:08","guid":{"rendered":"https:\/\/www.atta45.se\/e-butik\/?post_type=product&#038;p=99541"},"modified":"2025-10-27T20:16:28","modified_gmt":"2025-10-27T19:16:28","slug":"midjevaska-i-polyester-600d-fabienne","status":"publish","type":"product","link":"https:\/\/www.atta45.se\/e-butik\/produkt\/midjevaska-i-polyester-600d-fabienne\/","title":{"rendered":"Midjev\u00e4ska i polyester (600D) Fabienne"},"content":{"rendered":"<p>Midjev\u00e4ska i polyester (600D) med foder av PU (210D) och baksida av PE-skum (3 mm). Stort fack med dragkedja p\u00e5 ovansidan och en ficka med dragkedja p\u00e5 framsidan. Justerbar rem med sp\u00e4nne.<\/p>\n","protected":false},"excerpt":{"rendered":"<p>Midjev\u00e4ska i polyester (600D) med foder av PU (210D) och baksida av PE-skum (3 mm). Stort fack med dragkedja p\u00e5 ovansidan och en ficka med dragkedja p\u00e5 framsidan. Justerbar rem med sp\u00e4nne.<\/p>\n","protected":false},"featured_media":99542,"template":"","meta":{"_acf_changed":false,"_seopress_robots_primary_cat":"","_seopress_titles_title":"","_seopress_titles_desc":"","_seopress_robots_index":""},"product_brand":[],"product_cat":[15],"product_tag":[],"class_list":{"0":"post-99541","1":"product","2":"type-product","3":"status-publish","4":"has-post-thumbnail","6":"product_cat-okategoriserad","7":"atta45_taxonomy-vaskor-resetillbehor-midjevaska-sv","8":"atta45_taxonomy-tema-inspiration-utvalda-produkter-nyheter-sv","9":"atta45_taxonomy-nyheter-sv","10":"atta45_taxonomy-vaskor-resetillbehor-sv","12":"first","13":"instock","14":"taxable","15":"shipping-taxable","16":"purchasable","17":"product-type-variable"},"acf":[],"_links":{"self":[{"href":"https:\/\/www.atta45.se\/e-butik\/wp-json\/wp\/v2\/product\/99541","targetHints":{"allow":["GET"]}}],"collection":[{"href":"https:\/\/www.atta45.se\/e-butik\/wp-json\/wp\/v2\/product"}],"about":[{"href":"https:\/\/www.atta45.se\/e-butik\/wp-json\/wp\/v2\/types\/product"}],"wp:featuredmedia":[{"embeddable":true,"href":"https:\/\/www.atta45.se\/e-butik\/wp-json\/wp\/v2\/media\/99542"}],"wp:attachment":[{"href":"https:\/\/www.atta45.se\/e-butik\/wp-json\/wp\/v2\/media?parent=99541"}],"wp:term":[{"taxonomy":"product_brand","embeddable":true,"href":"https:\/\/www.atta45.se\/e-butik\/wp-json\/wp\/v2\/product_brand?post=99541"},{"taxonomy":"product_cat","embeddable":true,"href":"https:\/\/www.atta45.se\/e-butik\/wp-json\/wp\/v2\/product_cat?post=99541"},{"taxonomy":"product_tag","embeddable":true,"href":"https:\/\/www.atta45.se\/e-butik\/wp-json\/wp\/v2\/product_tag?post=99541"}],"curies":[{"name":"wp","href":"https:\/\/api.w.org\/{rel}","templated":true}]}}