{"id":99525,"date":"2024-12-27T08:34:52","date_gmt":"2024-12-27T07:34:52","guid":{"rendered":"https:\/\/www.atta45.se\/e-butik\/?post_type=product&#038;p=99525"},"modified":"2025-10-27T20:16:15","modified_gmt":"2025-10-27T19:16:15","slug":"ryggsack-i-polyester-600d-jurgen","status":"publish","type":"product","link":"https:\/\/www.atta45.se\/e-butik\/produkt\/ryggsack-i-polyester-600d-jurgen\/","title":{"rendered":"Ryggs\u00e4ck i polyester (600D) J\u00fcrgen"},"content":{"rendered":"<p>Ryggs\u00e4ck i polyester (600D) med foder av PU (210D) och botten och baksida av PE-skum (8 mm). Stort fack med dragsko med sp\u00e4nne f\u00f6r st\u00e4ngning och fack f\u00f6r laptop (15 tum). Ficka p\u00e5 framsidan med tryckknappar i metall. Justerbara remmar.<\/p>\n","protected":false},"excerpt":{"rendered":"<p>Ryggs\u00e4ck i polyester (600D) med foder av PU (210D) och botten och baksida av PE-skum (8 mm). Stort fack med dragsko med sp\u00e4nne f\u00f6r st\u00e4ngning och fack f\u00f6r laptop (15 tum). Ficka p\u00e5 framsidan med tryckknappar i metall. Justerbara remmar.<\/p>\n","protected":false},"featured_media":99526,"template":"","meta":{"_acf_changed":false,"_seopress_robots_primary_cat":"","_seopress_titles_title":"","_seopress_titles_desc":"","_seopress_robots_index":""},"product_brand":[],"product_cat":[15],"product_tag":[],"class_list":{"0":"post-99525","1":"product","2":"type-product","3":"status-publish","4":"has-post-thumbnail","6":"product_cat-okategoriserad","7":"atta45_taxonomy-nyheter-sv","8":"atta45_taxonomy-tema-inspiration-utvalda-produkter-nyheter-sv","9":"atta45_taxonomy-vaskor-resetillbehor-ryggsackar-sv","10":"atta45_taxonomy-vaskor-resetillbehor-ryggsackar-axelremsvaskor-sv","11":"atta45_taxonomy-textil-vaskor-bagar-sv","12":"atta45_taxonomy-vaskor-resetillbehor-sv","14":"first","15":"instock","16":"taxable","17":"shipping-taxable","18":"purchasable","19":"product-type-variable"},"acf":[],"_links":{"self":[{"href":"https:\/\/www.atta45.se\/e-butik\/wp-json\/wp\/v2\/product\/99525","targetHints":{"allow":["GET"]}}],"collection":[{"href":"https:\/\/www.atta45.se\/e-butik\/wp-json\/wp\/v2\/product"}],"about":[{"href":"https:\/\/www.atta45.se\/e-butik\/wp-json\/wp\/v2\/types\/product"}],"wp:featuredmedia":[{"embeddable":true,"href":"https:\/\/www.atta45.se\/e-butik\/wp-json\/wp\/v2\/media\/99526"}],"wp:attachment":[{"href":"https:\/\/www.atta45.se\/e-butik\/wp-json\/wp\/v2\/media?parent=99525"}],"wp:term":[{"taxonomy":"product_brand","embeddable":true,"href":"https:\/\/www.atta45.se\/e-butik\/wp-json\/wp\/v2\/product_brand?post=99525"},{"taxonomy":"product_cat","embeddable":true,"href":"https:\/\/www.atta45.se\/e-butik\/wp-json\/wp\/v2\/product_cat?post=99525"},{"taxonomy":"product_tag","embeddable":true,"href":"https:\/\/www.atta45.se\/e-butik\/wp-json\/wp\/v2\/product_tag?post=99525"}],"curies":[{"name":"wp","href":"https:\/\/api.w.org\/{rel}","templated":true}]}}