{"id":99459,"date":"2024-12-27T08:33:38","date_gmt":"2024-12-27T07:33:38","guid":{"rendered":"https:\/\/www.atta45.se\/e-butik\/?post_type=product&#038;p=99459"},"modified":"2025-10-27T20:03:30","modified_gmt":"2025-10-27T19:03:30","slug":"melerad-ryggsack-500d-indigo","status":"publish","type":"product","link":"https:\/\/www.atta45.se\/e-butik\/produkt\/melerad-ryggsack-500d-indigo\/","title":{"rendered":"Melerad ryggs\u00e4ck (500D) Indigo"},"content":{"rendered":"<p>Melerad ryggs\u00e4ck 500D. Justerbar och ventilerat foder f\u00f6r rygg och axelremmar. Stort fack med dragkedja som passar en 15-tums laptop.<\/p>\n","protected":false},"excerpt":{"rendered":"<p>Melerad ryggs\u00e4ck 500D. Justerbar och ventilerat foder f\u00f6r rygg och axelremmar. Stort fack med dragkedja som passar en 15-tums laptop.<\/p>\n","protected":false},"featured_media":99460,"template":"","meta":{"_acf_changed":false,"_seopress_robots_primary_cat":"","_seopress_titles_title":"","_seopress_titles_desc":"","_seopress_robots_index":""},"product_brand":[],"product_cat":[15],"product_tag":[],"class_list":{"0":"post-99459","1":"product","2":"type-product","3":"status-publish","4":"has-post-thumbnail","6":"product_cat-okategoriserad","7":"atta45_taxonomy-nyheter-sv","8":"atta45_taxonomy-tema-inspiration-utvalda-produkter-nyheter-sv","9":"atta45_taxonomy-vaskor-resetillbehor-ryggsackar-sv","10":"atta45_taxonomy-vaskor-resetillbehor-ryggsackar-axelremsvaskor-sv","11":"atta45_taxonomy-textil-vaskor-bagar-sv","12":"atta45_taxonomy-vaskor-resetillbehor-sv","14":"first","15":"instock","16":"taxable","17":"shipping-taxable","18":"purchasable","19":"product-type-variable"},"acf":[],"_links":{"self":[{"href":"https:\/\/www.atta45.se\/e-butik\/wp-json\/wp\/v2\/product\/99459","targetHints":{"allow":["GET"]}}],"collection":[{"href":"https:\/\/www.atta45.se\/e-butik\/wp-json\/wp\/v2\/product"}],"about":[{"href":"https:\/\/www.atta45.se\/e-butik\/wp-json\/wp\/v2\/types\/product"}],"wp:featuredmedia":[{"embeddable":true,"href":"https:\/\/www.atta45.se\/e-butik\/wp-json\/wp\/v2\/media\/99460"}],"wp:attachment":[{"href":"https:\/\/www.atta45.se\/e-butik\/wp-json\/wp\/v2\/media?parent=99459"}],"wp:term":[{"taxonomy":"product_brand","embeddable":true,"href":"https:\/\/www.atta45.se\/e-butik\/wp-json\/wp\/v2\/product_brand?post=99459"},{"taxonomy":"product_cat","embeddable":true,"href":"https:\/\/www.atta45.se\/e-butik\/wp-json\/wp\/v2\/product_cat?post=99459"},{"taxonomy":"product_tag","embeddable":true,"href":"https:\/\/www.atta45.se\/e-butik\/wp-json\/wp\/v2\/product_tag?post=99459"}],"curies":[{"name":"wp","href":"https:\/\/api.w.org\/{rel}","templated":true}]}}