{"id":99425,"date":"2024-12-27T08:31:56","date_gmt":"2024-12-27T07:31:56","guid":{"rendered":"https:\/\/www.atta45.se\/e-butik\/?post_type=product&#038;p=99425"},"modified":"2025-10-27T19:55:52","modified_gmt":"2025-10-27T18:55:52","slug":"bilorganisator-i-polyester-600d-thatcher","status":"publish","type":"product","link":"https:\/\/www.atta45.se\/e-butik\/produkt\/bilorganisator-i-polyester-600d-thatcher\/","title":{"rendered":"Bilorganisat\u00f6r i polyester (600D) Thatcher"},"content":{"rendered":"<p>Bilorganisat\u00f6r av polyester (600D). Tv\u00e5 fack, en med dragkedja st\u00e4ngd kylv\u00e4ska. Aluminiuminsida p\u00e5 kylv\u00e4skesidan. Hopf\u00e4llbar.<\/p>\n","protected":false},"excerpt":{"rendered":"<p>Bilorganisat\u00f6r av polyester (600D). Tv\u00e5 fack, en med dragkedja st\u00e4ngd kylv\u00e4ska. Aluminiuminsida p\u00e5 kylv\u00e4skesidan. Hopf\u00e4llbar.<\/p>\n","protected":false},"featured_media":99426,"template":"","meta":{"_acf_changed":false,"_seopress_robots_primary_cat":"","_seopress_titles_title":"","_seopress_titles_desc":"","_seopress_robots_index":""},"product_brand":[],"product_cat":[15],"product_tag":[],"class_list":{"0":"post-99425","1":"product","2":"type-product","3":"status-publish","4":"has-post-thumbnail","6":"product_cat-okategoriserad","7":"atta45_taxonomy-reflexer-verktyg-sakerhet-biltillbehor-sv","8":"atta45_taxonomy-tema-inspiration-branscher-fordonsindustrin-sv","9":"atta45_taxonomy-tema-inspiration-utvalda-produkter-nyheter-sv","10":"atta45_taxonomy-nyheter-sv","11":"atta45_taxonomy-tema-inspiration-ogonblick-pa-vagen-sv","12":"atta45_taxonomy-tema-inspiration-sv","14":"first","15":"instock","16":"taxable","17":"shipping-taxable","18":"purchasable","19":"product-type-variable"},"acf":[],"_links":{"self":[{"href":"https:\/\/www.atta45.se\/e-butik\/wp-json\/wp\/v2\/product\/99425","targetHints":{"allow":["GET"]}}],"collection":[{"href":"https:\/\/www.atta45.se\/e-butik\/wp-json\/wp\/v2\/product"}],"about":[{"href":"https:\/\/www.atta45.se\/e-butik\/wp-json\/wp\/v2\/types\/product"}],"wp:featuredmedia":[{"embeddable":true,"href":"https:\/\/www.atta45.se\/e-butik\/wp-json\/wp\/v2\/media\/99426"}],"wp:attachment":[{"href":"https:\/\/www.atta45.se\/e-butik\/wp-json\/wp\/v2\/media?parent=99425"}],"wp:term":[{"taxonomy":"product_brand","embeddable":true,"href":"https:\/\/www.atta45.se\/e-butik\/wp-json\/wp\/v2\/product_brand?post=99425"},{"taxonomy":"product_cat","embeddable":true,"href":"https:\/\/www.atta45.se\/e-butik\/wp-json\/wp\/v2\/product_cat?post=99425"},{"taxonomy":"product_tag","embeddable":true,"href":"https:\/\/www.atta45.se\/e-butik\/wp-json\/wp\/v2\/product_tag?post=99425"}],"curies":[{"name":"wp","href":"https:\/\/api.w.org\/{rel}","templated":true}]}}