{"id":99415,"date":"2024-12-27T08:31:43","date_gmt":"2024-12-27T07:31:43","guid":{"rendered":"https:\/\/www.atta45.se\/e-butik\/?post_type=product&#038;p=99415"},"modified":"2025-10-27T19:55:37","modified_gmt":"2025-10-27T18:55:37","slug":"rese-toalettvaska-av-polyester-210d-merrick","status":"publish","type":"product","link":"https:\/\/www.atta45.se\/e-butik\/produkt\/rese-toalettvaska-av-polyester-210d-merrick\/","title":{"rendered":"Rese-toalettv\u00e4ska av polyester (210D) Merrick"},"content":{"rendered":"<p>Rese-toalettv\u00e4ska av polyester (210D) ripstop med h\u00e4ngkrok. Dragkedjep\u00e5se p\u00e5 ovansidan n\u00e4r den \u00e4r \u00f6ppen. En stor och en liten dragkedjemeshficka. P\u00e5se p\u00e5 baksidan. Kort b\u00e4rl\u00f6g.<\/p>\n","protected":false},"excerpt":{"rendered":"<p>Rese-toalettv\u00e4ska av polyester (210D) ripstop med h\u00e4ngkrok. Dragkedjep\u00e5se p\u00e5 ovansidan n\u00e4r den \u00e4r \u00f6ppen. En stor och en liten dragkedjemeshficka. P\u00e5se p\u00e5 baksidan. Kort b\u00e4rl\u00f6g.<\/p>\n","protected":false},"featured_media":99416,"template":"","meta":{"_acf_changed":false,"_seopress_robots_primary_cat":"","_seopress_titles_title":"","_seopress_titles_desc":"","_seopress_robots_index":""},"product_brand":[],"product_cat":[15],"product_tag":[],"class_list":{"0":"post-99415","1":"product","2":"type-product","3":"status-publish","4":"has-post-thumbnail","6":"product_cat-okategoriserad","7":"atta45_taxonomy-textil-halsovard-och-valbefinnande-sv","8":"atta45_taxonomy-textil-hem-interior-sv","9":"atta45_taxonomy-nyheter-sv","10":"atta45_taxonomy-tema-inspiration-utvalda-produkter-nyheter-sv","11":"atta45_taxonomy-tema-inspiration-ogonblick-pa-vagen-sv","12":"atta45_taxonomy-tema-inspiration-branscher-rekreation-sv","13":"atta45_taxonomy-vaskor-resetillbehor-sminkvaska-sv","14":"atta45_taxonomy-tema-inspiration-sv","15":"atta45_taxonomy-vaskor-resetillbehor-sv","17":"first","18":"instock","19":"taxable","20":"shipping-taxable","21":"purchasable","22":"product-type-variable"},"acf":[],"_links":{"self":[{"href":"https:\/\/www.atta45.se\/e-butik\/wp-json\/wp\/v2\/product\/99415","targetHints":{"allow":["GET"]}}],"collection":[{"href":"https:\/\/www.atta45.se\/e-butik\/wp-json\/wp\/v2\/product"}],"about":[{"href":"https:\/\/www.atta45.se\/e-butik\/wp-json\/wp\/v2\/types\/product"}],"wp:featuredmedia":[{"embeddable":true,"href":"https:\/\/www.atta45.se\/e-butik\/wp-json\/wp\/v2\/media\/99416"}],"wp:attachment":[{"href":"https:\/\/www.atta45.se\/e-butik\/wp-json\/wp\/v2\/media?parent=99415"}],"wp:term":[{"taxonomy":"product_brand","embeddable":true,"href":"https:\/\/www.atta45.se\/e-butik\/wp-json\/wp\/v2\/product_brand?post=99415"},{"taxonomy":"product_cat","embeddable":true,"href":"https:\/\/www.atta45.se\/e-butik\/wp-json\/wp\/v2\/product_cat?post=99415"},{"taxonomy":"product_tag","embeddable":true,"href":"https:\/\/www.atta45.se\/e-butik\/wp-json\/wp\/v2\/product_tag?post=99415"}],"curies":[{"name":"wp","href":"https:\/\/api.w.org\/{rel}","templated":true}]}}