{"id":99355,"date":"2024-12-27T08:30:23","date_gmt":"2024-12-27T07:30:23","guid":{"rendered":"https:\/\/www.atta45.se\/e-butik\/?post_type=product&#038;p=99355"},"modified":"2025-10-27T19:41:37","modified_gmt":"2025-10-27T18:41:37","slug":"bambu-verktygssats-willow","status":"publish","type":"product","link":"https:\/\/www.atta45.se\/e-butik\/produkt\/bambu-verktygssats-willow\/","title":{"rendered":"Bambu verktygssats Willow"},"content":{"rendered":"<p>Verktygssats av bambu med 25 delar. 24 bits och en h\u00e5llare. Individuellt f\u00f6rpackad i en brun kartongl\u00e5da.<\/p>\n","protected":false},"excerpt":{"rendered":"<p>Verktygssats av bambu med 25 delar. 24 bits och en h\u00e5llare. Individuellt f\u00f6rpackad i en brun kartongl\u00e5da.<\/p>\n","protected":false},"featured_media":99356,"template":"","meta":{"_acf_changed":false,"_seopress_robots_primary_cat":"","_seopress_titles_title":"","_seopress_titles_desc":"","_seopress_robots_index":""},"product_brand":[],"product_cat":[15],"product_tag":[],"class_list":{"0":"post-99355","1":"product","2":"type-product","3":"status-publish","4":"has-post-thumbnail","6":"product_cat-okategoriserad","7":"atta45_taxonomy-tema-inspiration-grona-intryck-bambu-sv","8":"atta45_taxonomy-tema-inspiration-grona-intryck-sv","9":"atta45_taxonomy-tema-inspiration-branscher-konstruktion-sv","10":"atta45_taxonomy-reflexer-verktyg-sakerhet-multiverktyg-sv","11":"atta45_taxonomy-nyheter-sv","12":"atta45_taxonomy-tema-inspiration-utvalda-produkter-nyheter-sv","13":"atta45_taxonomy-tema-inspiration-ogonblick-sv","14":"atta45_taxonomy-tema-inspiration-sv","15":"atta45_taxonomy-reflexer-verktyg-sakerhet-verktyg-sv","17":"first","18":"instock","19":"taxable","20":"shipping-taxable","21":"purchasable","22":"product-type-variable"},"acf":[],"_links":{"self":[{"href":"https:\/\/www.atta45.se\/e-butik\/wp-json\/wp\/v2\/product\/99355","targetHints":{"allow":["GET"]}}],"collection":[{"href":"https:\/\/www.atta45.se\/e-butik\/wp-json\/wp\/v2\/product"}],"about":[{"href":"https:\/\/www.atta45.se\/e-butik\/wp-json\/wp\/v2\/types\/product"}],"wp:featuredmedia":[{"embeddable":true,"href":"https:\/\/www.atta45.se\/e-butik\/wp-json\/wp\/v2\/media\/99356"}],"wp:attachment":[{"href":"https:\/\/www.atta45.se\/e-butik\/wp-json\/wp\/v2\/media?parent=99355"}],"wp:term":[{"taxonomy":"product_brand","embeddable":true,"href":"https:\/\/www.atta45.se\/e-butik\/wp-json\/wp\/v2\/product_brand?post=99355"},{"taxonomy":"product_cat","embeddable":true,"href":"https:\/\/www.atta45.se\/e-butik\/wp-json\/wp\/v2\/product_cat?post=99355"},{"taxonomy":"product_tag","embeddable":true,"href":"https:\/\/www.atta45.se\/e-butik\/wp-json\/wp\/v2\/product_tag?post=99355"}],"curies":[{"name":"wp","href":"https:\/\/api.w.org\/{rel}","templated":true}]}}