{"id":99021,"date":"2024-12-27T08:24:46","date_gmt":"2024-12-27T07:24:46","guid":{"rendered":"https:\/\/www.atta45.se\/e-butik\/?post_type=product&#038;p=99021"},"modified":"2025-10-28T00:46:07","modified_gmt":"2025-10-27T23:46:07","slug":"namnbricka-klassisk-rektangular-rundad","status":"publish","type":"product","link":"https:\/\/www.atta45.se\/e-butik\/produkt\/namnbricka-klassisk-rektangular-rundad\/","title":{"rendered":"Namnbricka Klassisk rektangul\u00e4r (rundad)"},"content":{"rendered":"<p>Namnskylt i f\u00f6rnicklad m\u00e4ssing, g\u00e5r att f\u00e5 tryckt eller graverad<\/p>\n","protected":false},"excerpt":{"rendered":"<p>Namnskylt i f\u00f6rnicklad m\u00e4ssing, g\u00e5r att f\u00e5 tryckt eller graverad<\/p>\n","protected":false},"featured_media":99022,"template":"","meta":{"_acf_changed":false,"_seopress_robots_primary_cat":"","_seopress_titles_title":"","_seopress_titles_desc":"","_seopress_robots_index":""},"product_brand":[],"product_cat":[15],"product_tag":[],"class_list":{"0":"post-99021","1":"product","2":"type-product","3":"status-publish","4":"has-post-thumbnail","6":"product_cat-okategoriserad","7":"atta45_taxonomy-namnbrickor-sv","9":"first","10":"instock","11":"taxable","12":"shipping-taxable","13":"purchasable","14":"product-type-variable"},"acf":[],"_links":{"self":[{"href":"https:\/\/www.atta45.se\/e-butik\/wp-json\/wp\/v2\/product\/99021","targetHints":{"allow":["GET"]}}],"collection":[{"href":"https:\/\/www.atta45.se\/e-butik\/wp-json\/wp\/v2\/product"}],"about":[{"href":"https:\/\/www.atta45.se\/e-butik\/wp-json\/wp\/v2\/types\/product"}],"wp:featuredmedia":[{"embeddable":true,"href":"https:\/\/www.atta45.se\/e-butik\/wp-json\/wp\/v2\/media\/99022"}],"wp:attachment":[{"href":"https:\/\/www.atta45.se\/e-butik\/wp-json\/wp\/v2\/media?parent=99021"}],"wp:term":[{"taxonomy":"product_brand","embeddable":true,"href":"https:\/\/www.atta45.se\/e-butik\/wp-json\/wp\/v2\/product_brand?post=99021"},{"taxonomy":"product_cat","embeddable":true,"href":"https:\/\/www.atta45.se\/e-butik\/wp-json\/wp\/v2\/product_cat?post=99021"},{"taxonomy":"product_tag","embeddable":true,"href":"https:\/\/www.atta45.se\/e-butik\/wp-json\/wp\/v2\/product_tag?post=99021"}],"curies":[{"name":"wp","href":"https:\/\/api.w.org\/{rel}","templated":true}]}}