{"id":98869,"date":"2024-12-27T08:22:44","date_gmt":"2024-12-27T07:22:44","guid":{"rendered":"https:\/\/www.atta45.se\/e-butik\/?post_type=product&#038;p=98869"},"modified":"2025-10-28T00:45:16","modified_gmt":"2025-10-27T23:45:16","slug":"namnbricka-fonster-ljus-glansande","status":"publish","type":"product","link":"https:\/\/www.atta45.se\/e-butik\/produkt\/namnbricka-fonster-ljus-glansande\/","title":{"rendered":"Namnbricka F\u00f6nster, ljus gl\u00e4nsande"},"content":{"rendered":"<p>En l\u00e4ttare verision av windowbrickan. Med ett f\u00f6nster f\u00f6r utbytbara namn. Ingen logga trycks p\u00e5 denna brickan.<\/p>\n<p>Papperskortet \u00e4r 63,5 x 22 mm<\/p>\n","protected":false},"excerpt":{"rendered":"<p>En l\u00e4ttare verision av windowbrickan. Med ett f\u00f6nster f\u00f6r utbytbara namn. Ingen logga trycks p\u00e5 denna brickan. Papperskortet \u00e4r 63,5 x 22 mm<\/p>\n","protected":false},"featured_media":98870,"template":"","meta":{"_acf_changed":false,"_seopress_robots_primary_cat":"","_seopress_titles_title":"","_seopress_titles_desc":"","_seopress_robots_index":""},"product_brand":[],"product_cat":[15],"product_tag":[],"class_list":{"0":"post-98869","1":"product","2":"type-product","3":"status-publish","4":"has-post-thumbnail","6":"product_cat-okategoriserad","7":"atta45_taxonomy-namnbrickor-sv","9":"first","10":"instock","11":"taxable","12":"shipping-taxable","13":"purchasable","14":"product-type-variable"},"acf":[],"_links":{"self":[{"href":"https:\/\/www.atta45.se\/e-butik\/wp-json\/wp\/v2\/product\/98869","targetHints":{"allow":["GET"]}}],"collection":[{"href":"https:\/\/www.atta45.se\/e-butik\/wp-json\/wp\/v2\/product"}],"about":[{"href":"https:\/\/www.atta45.se\/e-butik\/wp-json\/wp\/v2\/types\/product"}],"wp:featuredmedia":[{"embeddable":true,"href":"https:\/\/www.atta45.se\/e-butik\/wp-json\/wp\/v2\/media\/98870"}],"wp:attachment":[{"href":"https:\/\/www.atta45.se\/e-butik\/wp-json\/wp\/v2\/media?parent=98869"}],"wp:term":[{"taxonomy":"product_brand","embeddable":true,"href":"https:\/\/www.atta45.se\/e-butik\/wp-json\/wp\/v2\/product_brand?post=98869"},{"taxonomy":"product_cat","embeddable":true,"href":"https:\/\/www.atta45.se\/e-butik\/wp-json\/wp\/v2\/product_cat?post=98869"},{"taxonomy":"product_tag","embeddable":true,"href":"https:\/\/www.atta45.se\/e-butik\/wp-json\/wp\/v2\/product_tag?post=98869"}],"curies":[{"name":"wp","href":"https:\/\/api.w.org\/{rel}","templated":true}]}}