{"id":98368,"date":"2024-12-27T08:13:54","date_gmt":"2024-12-27T07:13:54","guid":{"rendered":"https:\/\/www.atta45.se\/e-butik\/?post_type=product&#038;p=98368"},"modified":"2025-10-28T03:57:57","modified_gmt":"2025-10-28T02:57:57","slug":"mobilskal-med-gummerad-yta-iphone-olika-modeller","status":"publish","type":"product","link":"https:\/\/www.atta45.se\/e-butik\/produkt\/mobilskal-med-gummerad-yta-iphone-olika-modeller\/","title":{"rendered":"Mobilskal med gummerad yta (iPhone) olika modeller"},"content":{"rendered":"<p>Mobiltelefon skal PVC f\u00f6r iPhone med gummerad yta f\u00f6r en matt och soft k\u00e4nsla.<\/p>\n<p>Vid order ange vilken telefonmodell du beh\u00f6ver skal till.<\/p>\n","protected":false},"excerpt":{"rendered":"<p>Mobiltelefon skal PVC f\u00f6r iPhone med gummerad yta f\u00f6r en matt och soft k\u00e4nsla. Vid order ange vilken telefonmodell du beh\u00f6ver skal till.<\/p>\n","protected":false},"featured_media":98369,"template":"","meta":{"_acf_changed":false,"_seopress_robots_primary_cat":"","_seopress_titles_title":"","_seopress_titles_desc":"","_seopress_robots_index":""},"product_brand":[],"product_cat":[15],"product_tag":[],"class_list":{"0":"post-98368","1":"product","2":"type-product","3":"status-publish","4":"has-post-thumbnail","6":"product_cat-okategoriserad","7":"atta45_taxonomy-mobiltillbehor-skal-sv","9":"first","10":"instock","11":"taxable","12":"shipping-taxable","13":"purchasable","14":"product-type-variable"},"acf":[],"_links":{"self":[{"href":"https:\/\/www.atta45.se\/e-butik\/wp-json\/wp\/v2\/product\/98368","targetHints":{"allow":["GET"]}}],"collection":[{"href":"https:\/\/www.atta45.se\/e-butik\/wp-json\/wp\/v2\/product"}],"about":[{"href":"https:\/\/www.atta45.se\/e-butik\/wp-json\/wp\/v2\/types\/product"}],"wp:featuredmedia":[{"embeddable":true,"href":"https:\/\/www.atta45.se\/e-butik\/wp-json\/wp\/v2\/media\/98369"}],"wp:attachment":[{"href":"https:\/\/www.atta45.se\/e-butik\/wp-json\/wp\/v2\/media?parent=98368"}],"wp:term":[{"taxonomy":"product_brand","embeddable":true,"href":"https:\/\/www.atta45.se\/e-butik\/wp-json\/wp\/v2\/product_brand?post=98368"},{"taxonomy":"product_cat","embeddable":true,"href":"https:\/\/www.atta45.se\/e-butik\/wp-json\/wp\/v2\/product_cat?post=98368"},{"taxonomy":"product_tag","embeddable":true,"href":"https:\/\/www.atta45.se\/e-butik\/wp-json\/wp\/v2\/product_tag?post=98368"}],"curies":[{"name":"wp","href":"https:\/\/api.w.org\/{rel}","templated":true}]}}