{"id":98288,"date":"2024-12-27T08:11:02","date_gmt":"2024-12-27T07:11:02","guid":{"rendered":"https:\/\/www.atta45.se\/e-butik\/?post_type=product&#038;p=98288"},"modified":"2025-10-28T04:02:54","modified_gmt":"2025-10-28T03:02:54","slug":"stativ-for-surfplatta","status":"publish","type":"product","link":"https:\/\/www.atta45.se\/e-butik\/produkt\/stativ-for-surfplatta\/","title":{"rendered":"Kameralins, stativ f\u00f6r surfplatta\/smartphone"},"content":{"rendered":"<p>Reglerbar h\u00e5llare f\u00f6r surfplatta. Enkel att placera p\u00e5 bord, butiks- och m\u00e4ssdisk. <br \/>F\u00f6r 7-10 inch plattor. 360\u00b0 rotation.                                                                          <br \/>Gummerad undersida f\u00f6r \u00f6kad stabilitet.<\/p>\n","protected":false},"excerpt":{"rendered":"<p>Reglerbar h\u00e5llare f\u00f6r surfplatta. Enkel att placera p\u00e5 bord, butiks- och m\u00e4ssdisk. F\u00f6r 7-10 inch plattor. 360\u00b0 rotation. Gummerad undersida f\u00f6r \u00f6kad stabilitet.<\/p>\n","protected":false},"featured_media":98289,"template":"","meta":{"_acf_changed":false,"_seopress_robots_primary_cat":"","_seopress_titles_title":"","_seopress_titles_desc":"","_seopress_robots_index":""},"product_brand":[],"product_cat":[15],"product_tag":[],"class_list":{"0":"post-98288","1":"product","2":"type-product","3":"status-publish","4":"has-post-thumbnail","6":"product_cat-okategoriserad","7":"atta45_taxonomy-mobiltillbehor-mobiltillbehor-sv","9":"first","10":"instock","11":"taxable","12":"shipping-taxable","13":"purchasable","14":"product-type-variable"},"acf":[],"_links":{"self":[{"href":"https:\/\/www.atta45.se\/e-butik\/wp-json\/wp\/v2\/product\/98288","targetHints":{"allow":["GET"]}}],"collection":[{"href":"https:\/\/www.atta45.se\/e-butik\/wp-json\/wp\/v2\/product"}],"about":[{"href":"https:\/\/www.atta45.se\/e-butik\/wp-json\/wp\/v2\/types\/product"}],"wp:featuredmedia":[{"embeddable":true,"href":"https:\/\/www.atta45.se\/e-butik\/wp-json\/wp\/v2\/media\/98289"}],"wp:attachment":[{"href":"https:\/\/www.atta45.se\/e-butik\/wp-json\/wp\/v2\/media?parent=98288"}],"wp:term":[{"taxonomy":"product_brand","embeddable":true,"href":"https:\/\/www.atta45.se\/e-butik\/wp-json\/wp\/v2\/product_brand?post=98288"},{"taxonomy":"product_cat","embeddable":true,"href":"https:\/\/www.atta45.se\/e-butik\/wp-json\/wp\/v2\/product_cat?post=98288"},{"taxonomy":"product_tag","embeddable":true,"href":"https:\/\/www.atta45.se\/e-butik\/wp-json\/wp\/v2\/product_tag?post=98288"}],"curies":[{"name":"wp","href":"https:\/\/api.w.org\/{rel}","templated":true}]}}