{"id":98126,"date":"2024-12-27T08:08:24","date_gmt":"2024-12-27T07:08:24","guid":{"rendered":"https:\/\/www.atta45.se\/e-butik\/?post_type=product&#038;p=98126"},"modified":"2025-10-28T03:59:34","modified_gmt":"2025-10-28T02:59:34","slug":"korthallare-silikon","status":"publish","type":"product","link":"https:\/\/www.atta45.se\/e-butik\/produkt\/korthallare-silikon\/","title":{"rendered":"Korth\u00e5llare silikon"},"content":{"rendered":"<p>Smart extra ficka f\u00f6r kreditkort att f\u00e4stas p\u00e5 mobiltelefonens baksida. Sj\u00e4lvh\u00e4ftande 3M\u00ae. <\/p>\n<p>T\u00e4nk p\u00e5 att reng\u00f6ra ytan produkten ska f\u00e4stas p\u00e5.<\/p>\n<p>Oljebaserade\/feta ytor s\u00e5som silikon har s\u00e4mre vidh\u00e4ftningsf\u00f6rm\u00e5ga vilket har med materialets beskaffenhet att g\u00f6ra.<\/p>\n","protected":false},"excerpt":{"rendered":"<p>Smart extra ficka f\u00f6r kreditkort att f\u00e4stas p\u00e5 mobiltelefonens baksida. Sj\u00e4lvh\u00e4ftande 3M\u00ae. T\u00e4nk p\u00e5 att reng\u00f6ra ytan produkten ska f\u00e4stas p\u00e5. Oljebaserade\/feta ytor s\u00e5som silikon har s\u00e4mre vidh\u00e4ftningsf\u00f6rm\u00e5ga vilket har med materialets beskaffenhet att g\u00f6ra.<\/p>\n","protected":false},"featured_media":98127,"template":"","meta":{"_acf_changed":false,"_seopress_robots_primary_cat":"","_seopress_titles_title":"","_seopress_titles_desc":"","_seopress_robots_index":""},"product_brand":[],"product_cat":[15],"product_tag":[],"class_list":{"0":"post-98126","1":"product","2":"type-product","3":"status-publish","4":"has-post-thumbnail","6":"product_cat-okategoriserad","7":"atta45_taxonomy-mobiltillbehor-mobiltillbehor-sv","9":"first","10":"instock","11":"taxable","12":"shipping-taxable","13":"purchasable","14":"product-type-variable"},"acf":[],"_links":{"self":[{"href":"https:\/\/www.atta45.se\/e-butik\/wp-json\/wp\/v2\/product\/98126","targetHints":{"allow":["GET"]}}],"collection":[{"href":"https:\/\/www.atta45.se\/e-butik\/wp-json\/wp\/v2\/product"}],"about":[{"href":"https:\/\/www.atta45.se\/e-butik\/wp-json\/wp\/v2\/types\/product"}],"wp:featuredmedia":[{"embeddable":true,"href":"https:\/\/www.atta45.se\/e-butik\/wp-json\/wp\/v2\/media\/98127"}],"wp:attachment":[{"href":"https:\/\/www.atta45.se\/e-butik\/wp-json\/wp\/v2\/media?parent=98126"}],"wp:term":[{"taxonomy":"product_brand","embeddable":true,"href":"https:\/\/www.atta45.se\/e-butik\/wp-json\/wp\/v2\/product_brand?post=98126"},{"taxonomy":"product_cat","embeddable":true,"href":"https:\/\/www.atta45.se\/e-butik\/wp-json\/wp\/v2\/product_cat?post=98126"},{"taxonomy":"product_tag","embeddable":true,"href":"https:\/\/www.atta45.se\/e-butik\/wp-json\/wp\/v2\/product_tag?post=98126"}],"curies":[{"name":"wp","href":"https:\/\/api.w.org\/{rel}","templated":true}]}}