{"id":98088,"date":"2024-12-27T08:07:31","date_gmt":"2024-12-27T07:07:31","guid":{"rendered":"https:\/\/www.atta45.se\/e-butik\/?post_type=product&#038;p=98088"},"modified":"2025-10-27T15:55:38","modified_gmt":"2025-10-27T14:55:38","slug":"mobilhallare-for-bilens-luftventiler","status":"publish","type":"product","link":"https:\/\/www.atta45.se\/e-butik\/produkt\/mobilhallare-for-bilens-luftventiler\/","title":{"rendered":"Mobiltelefonh\u00e5llare, ABS Clayton"},"content":{"rendered":"<p>Mobilh\u00e5llare f\u00f6r bilen, i ABS med detaljer i PVC. H\u00e5llaren f\u00e4stes i bilens luftventiler och kan roteras 360 grader. Justerbara sidor g\u00f6r att den passar olika telefonmodeller.<\/p>\n","protected":false},"excerpt":{"rendered":"<p>Mobilh\u00e5llare f\u00f6r bilen, i ABS med detaljer i PVC. H\u00e5llaren f\u00e4stes i bilens luftventiler och kan roteras 360 grader. Justerbara sidor g\u00f6r att den passar olika telefonmodeller.<\/p>\n","protected":false},"featured_media":98089,"template":"","meta":{"_acf_changed":false,"_seopress_robots_primary_cat":"","_seopress_titles_title":"","_seopress_titles_desc":"","_seopress_robots_index":""},"product_brand":[],"product_cat":[15],"product_tag":[],"class_list":{"0":"post-98088","1":"product","2":"type-product","3":"status-publish","4":"has-post-thumbnail","6":"product_cat-okategoriserad","7":"atta45_taxonomy-reflexer-verktyg-sakerhet-biltillbehor-sv","8":"atta45_taxonomy-elektronik-kontor-sv","9":"atta45_taxonomy-tema-inspiration-ogonblick-framtiden-ar-din-sv","10":"atta45_taxonomy-mobiltillbehor-mobiltillbehor-sv","11":"atta45_taxonomy-tema-inspiration-sv","13":"first","14":"instock","15":"taxable","16":"shipping-taxable","17":"purchasable","18":"product-type-variable"},"acf":[],"_links":{"self":[{"href":"https:\/\/www.atta45.se\/e-butik\/wp-json\/wp\/v2\/product\/98088","targetHints":{"allow":["GET"]}}],"collection":[{"href":"https:\/\/www.atta45.se\/e-butik\/wp-json\/wp\/v2\/product"}],"about":[{"href":"https:\/\/www.atta45.se\/e-butik\/wp-json\/wp\/v2\/types\/product"}],"wp:featuredmedia":[{"embeddable":true,"href":"https:\/\/www.atta45.se\/e-butik\/wp-json\/wp\/v2\/media\/98089"}],"wp:attachment":[{"href":"https:\/\/www.atta45.se\/e-butik\/wp-json\/wp\/v2\/media?parent=98088"}],"wp:term":[{"taxonomy":"product_brand","embeddable":true,"href":"https:\/\/www.atta45.se\/e-butik\/wp-json\/wp\/v2\/product_brand?post=98088"},{"taxonomy":"product_cat","embeddable":true,"href":"https:\/\/www.atta45.se\/e-butik\/wp-json\/wp\/v2\/product_cat?post=98088"},{"taxonomy":"product_tag","embeddable":true,"href":"https:\/\/www.atta45.se\/e-butik\/wp-json\/wp\/v2\/product_tag?post=98088"}],"curies":[{"name":"wp","href":"https:\/\/api.w.org\/{rel}","templated":true}]}}