{"id":97972,"date":"2024-12-27T08:04:49","date_gmt":"2024-12-27T07:04:49","guid":{"rendered":"https:\/\/www.atta45.se\/e-butik\/?post_type=product&#038;p=97972"},"modified":"2025-10-28T00:15:15","modified_gmt":"2025-10-27T23:15:15","slug":"bilhallare-i-abs-for-mobiltelefon","status":"publish","type":"product","link":"https:\/\/www.atta45.se\/e-butik\/produkt\/bilhallare-i-abs-for-mobiltelefon\/","title":{"rendered":"Mobilh\u00e5llare ABS smart Sienna"},"content":{"rendered":"<p>Mobilh\u00e5llare f\u00f6r bilen, i ABS. F\u00e4stes enkelt i bilens fl\u00e4kt. F\u00e4st metallplattan p\u00e5 teleofnens baksida (sj\u00e4lvh\u00e4ftande) och telefonen h\u00e5lls fast med en magnet.<\/p>\n","protected":false},"excerpt":{"rendered":"<p>Mobilh\u00e5llare f\u00f6r bilen, i ABS. F\u00e4stes enkelt i bilens fl\u00e4kt. F\u00e4st metallplattan p\u00e5 teleofnens baksida (sj\u00e4lvh\u00e4ftande) och telefonen h\u00e5lls fast med en magnet.<\/p>\n","protected":false},"featured_media":97973,"template":"","meta":{"_acf_changed":false,"_seopress_robots_primary_cat":"","_seopress_titles_title":"","_seopress_titles_desc":"","_seopress_robots_index":""},"product_brand":[],"product_cat":[15],"product_tag":[],"class_list":{"0":"post-97972","1":"product","2":"type-product","3":"status-publish","4":"has-post-thumbnail","6":"product_cat-okategoriserad","7":"atta45_taxonomy-reflexer-verktyg-sakerhet-biltillbehor-sv","8":"atta45_taxonomy-elektronik-kontor-sv","9":"atta45_taxonomy-tema-inspiration-ogonblick-framtiden-ar-din-sv","10":"atta45_taxonomy-mobiltillbehor-mobiltillbehor-sv","11":"atta45_taxonomy-tema-inspiration-sv","13":"first","14":"instock","15":"taxable","16":"shipping-taxable","17":"purchasable","18":"product-type-variable"},"acf":[],"_links":{"self":[{"href":"https:\/\/www.atta45.se\/e-butik\/wp-json\/wp\/v2\/product\/97972","targetHints":{"allow":["GET"]}}],"collection":[{"href":"https:\/\/www.atta45.se\/e-butik\/wp-json\/wp\/v2\/product"}],"about":[{"href":"https:\/\/www.atta45.se\/e-butik\/wp-json\/wp\/v2\/types\/product"}],"wp:featuredmedia":[{"embeddable":true,"href":"https:\/\/www.atta45.se\/e-butik\/wp-json\/wp\/v2\/media\/97973"}],"wp:attachment":[{"href":"https:\/\/www.atta45.se\/e-butik\/wp-json\/wp\/v2\/media?parent=97972"}],"wp:term":[{"taxonomy":"product_brand","embeddable":true,"href":"https:\/\/www.atta45.se\/e-butik\/wp-json\/wp\/v2\/product_brand?post=97972"},{"taxonomy":"product_cat","embeddable":true,"href":"https:\/\/www.atta45.se\/e-butik\/wp-json\/wp\/v2\/product_cat?post=97972"},{"taxonomy":"product_tag","embeddable":true,"href":"https:\/\/www.atta45.se\/e-butik\/wp-json\/wp\/v2\/product_tag?post=97972"}],"curies":[{"name":"wp","href":"https:\/\/api.w.org\/{rel}","templated":true}]}}