{"id":97898,"date":"2024-12-27T08:03:50","date_gmt":"2024-12-27T07:03:50","guid":{"rendered":"https:\/\/www.atta45.se\/e-butik\/?post_type=product&#038;p=97898"},"modified":"2025-10-27T23:20:12","modified_gmt":"2025-10-27T22:20:12","slug":"vantar-for-pekskarm","status":"publish","type":"product","link":"https:\/\/www.atta45.se\/e-butik\/produkt\/vantar-for-pekskarm\/","title":{"rendered":"Peksk\u00e4rmsvantar, i polyester, Elena"},"content":{"rendered":"<p>Varf\u00f6r frysa om h\u00e4nderna n\u00e4r mobilen ringer! Vantar med tumme, pek- och l\u00e5ngfinger, utrustade med toppar, som fungerar p\u00e5 peksk\u00e4rmen. S\u00e4ljes i par.<\/p>\n","protected":false},"excerpt":{"rendered":"<p>Varf\u00f6r frysa om h\u00e4nderna n\u00e4r mobilen ringer! Vantar med tumme, pek- och l\u00e5ngfinger, utrustade med toppar, som fungerar p\u00e5 peksk\u00e4rmen. S\u00e4ljes i par.<\/p>\n","protected":false},"featured_media":97899,"template":"","meta":{"_acf_changed":false,"_seopress_robots_primary_cat":"","_seopress_titles_title":"","_seopress_titles_desc":"","_seopress_robots_index":""},"product_brand":[],"product_cat":[15],"product_tag":[],"class_list":{"0":"post-97898","1":"product","2":"type-product","3":"status-publish","4":"has-post-thumbnail","6":"product_cat-okategoriserad","7":"atta45_taxonomy-elektronik-kontor-sv","8":"atta45_taxonomy-mobiltillbehor-mobiltillbehor-sv","9":"atta45_taxonomy-paraply-sv","10":"atta45_taxonomy-tema-inspiration-sasong-sv","11":"atta45_taxonomy-tema-inspiration-sv","12":"atta45_taxonomy-tema-inspiration-sasong-vinter-sv","13":"atta45_taxonomy-tema-inspiration-ogonblick-vinterlandskap-sv","15":"first","16":"instock","17":"taxable","18":"shipping-taxable","19":"purchasable","20":"product-type-variable"},"acf":[],"_links":{"self":[{"href":"https:\/\/www.atta45.se\/e-butik\/wp-json\/wp\/v2\/product\/97898","targetHints":{"allow":["GET"]}}],"collection":[{"href":"https:\/\/www.atta45.se\/e-butik\/wp-json\/wp\/v2\/product"}],"about":[{"href":"https:\/\/www.atta45.se\/e-butik\/wp-json\/wp\/v2\/types\/product"}],"wp:featuredmedia":[{"embeddable":true,"href":"https:\/\/www.atta45.se\/e-butik\/wp-json\/wp\/v2\/media\/97899"}],"wp:attachment":[{"href":"https:\/\/www.atta45.se\/e-butik\/wp-json\/wp\/v2\/media?parent=97898"}],"wp:term":[{"taxonomy":"product_brand","embeddable":true,"href":"https:\/\/www.atta45.se\/e-butik\/wp-json\/wp\/v2\/product_brand?post=97898"},{"taxonomy":"product_cat","embeddable":true,"href":"https:\/\/www.atta45.se\/e-butik\/wp-json\/wp\/v2\/product_cat?post=97898"},{"taxonomy":"product_tag","embeddable":true,"href":"https:\/\/www.atta45.se\/e-butik\/wp-json\/wp\/v2\/product_tag?post=97898"}],"curies":[{"name":"wp","href":"https:\/\/api.w.org\/{rel}","templated":true}]}}