{"id":97840,"date":"2024-12-27T08:02:39","date_gmt":"2024-12-27T07:02:39","guid":{"rendered":"https:\/\/www.atta45.se\/e-butik\/?post_type=product&#038;p=97840"},"modified":"2025-10-27T19:22:34","modified_gmt":"2025-10-27T18:22:34","slug":"justerbar-mobiltelefonhallare-med-sugkoppar","status":"publish","type":"product","link":"https:\/\/www.atta45.se\/e-butik\/produkt\/justerbar-mobiltelefonhallare-med-sugkoppar\/","title":{"rendered":"Justerbar mobiltelefonh\u00e5llare med sugkoppar"},"content":{"rendered":"<p>Justerbar mobiltelefonh\u00e5llare i plast, enkel att f\u00e4sta p\u00e5 instrumentbr\u00e4dan eller f\u00f6nstret med en stor sugkopp i botten. F\u00e4stena kan expandera till 81 mm, n\u00e4r knappen trycks in dras f\u00e4stet in.<\/p>\n","protected":false},"excerpt":{"rendered":"<p>Justerbar mobiltelefonh\u00e5llare i plast, enkel att f\u00e4sta p\u00e5 instrumentbr\u00e4dan eller f\u00f6nstret med en stor sugkopp i botten. F\u00e4stena kan expandera till 81 mm, n\u00e4r knappen trycks in dras f\u00e4stet in.<\/p>\n","protected":false},"featured_media":97841,"template":"","meta":{"_acf_changed":false,"_seopress_robots_primary_cat":"","_seopress_titles_title":"","_seopress_titles_desc":"","_seopress_robots_index":""},"product_brand":[],"product_cat":[15],"product_tag":[],"class_list":{"0":"post-97840","1":"product","2":"type-product","3":"status-publish","4":"has-post-thumbnail","6":"product_cat-okategoriserad","7":"atta45_taxonomy-reflexer-verktyg-sakerhet-biltillbehor-sv","8":"atta45_taxonomy-elektronik-kontor-sv","9":"atta45_taxonomy-tema-inspiration-ogonblick-framtiden-ar-din-sv","10":"atta45_taxonomy-mobiltillbehor-mobiltillbehor-sv","11":"atta45_taxonomy-tema-inspiration-sv","13":"first","14":"instock","15":"taxable","16":"shipping-taxable","17":"purchasable","18":"product-type-variable"},"acf":[],"_links":{"self":[{"href":"https:\/\/www.atta45.se\/e-butik\/wp-json\/wp\/v2\/product\/97840","targetHints":{"allow":["GET"]}}],"collection":[{"href":"https:\/\/www.atta45.se\/e-butik\/wp-json\/wp\/v2\/product"}],"about":[{"href":"https:\/\/www.atta45.se\/e-butik\/wp-json\/wp\/v2\/types\/product"}],"wp:featuredmedia":[{"embeddable":true,"href":"https:\/\/www.atta45.se\/e-butik\/wp-json\/wp\/v2\/media\/97841"}],"wp:attachment":[{"href":"https:\/\/www.atta45.se\/e-butik\/wp-json\/wp\/v2\/media?parent=97840"}],"wp:term":[{"taxonomy":"product_brand","embeddable":true,"href":"https:\/\/www.atta45.se\/e-butik\/wp-json\/wp\/v2\/product_brand?post=97840"},{"taxonomy":"product_cat","embeddable":true,"href":"https:\/\/www.atta45.se\/e-butik\/wp-json\/wp\/v2\/product_cat?post=97840"},{"taxonomy":"product_tag","embeddable":true,"href":"https:\/\/www.atta45.se\/e-butik\/wp-json\/wp\/v2\/product_tag?post=97840"}],"curies":[{"name":"wp","href":"https:\/\/api.w.org\/{rel}","templated":true}]}}