{"id":97488,"date":"2024-12-27T07:52:37","date_gmt":"2024-12-27T06:52:37","guid":{"rendered":"https:\/\/www.atta45.se\/e-butik\/?post_type=product&#038;p=97488"},"modified":"2025-10-27T21:59:13","modified_gmt":"2025-10-27T20:59:13","slug":"victorinox-fickkniv","status":"publish","type":"product","link":"https:\/\/www.atta45.se\/e-butik\/produkt\/victorinox-fickkniv\/","title":{"rendered":"Victorinox fickkniv"},"content":{"rendered":"<p>Victorinox\u00ae fickkniv med nio funktioner: ett stort knivblad, korkskruv, nyckelring, flaska och burk\u00f6ppnare, skruvmejsel med wirestripper, pincett och tandpetare. Skrapt\u00e5lig. Individuellt f\u00f6rpackad i presentf\u00f6rpackning.<\/p>\n","protected":false},"excerpt":{"rendered":"<p>Victorinox\u00ae fickkniv med nio funktioner: ett stort knivblad, korkskruv, nyckelring, flaska och burk\u00f6ppnare, skruvmejsel med wirestripper, pincett och tandpetare. Skrapt\u00e5lig. Individuellt f\u00f6rpackad i presentf\u00f6rpackning.<\/p>\n","protected":false},"featured_media":97489,"template":"","meta":{"_acf_changed":false,"_seopress_robots_primary_cat":"","_seopress_titles_title":"","_seopress_titles_desc":"","_seopress_robots_index":""},"product_brand":[],"product_cat":[15],"product_tag":[],"class_list":{"0":"post-97488","1":"product","2":"type-product","3":"status-publish","4":"has-post-thumbnail","6":"product_cat-okategoriserad","7":"atta45_taxonomy-tema-inspiration-made-in-europe-andra-produkter-tillverkade-i-eu-sv","8":"atta45_taxonomy-tema-inspiration-branscher-sv","9":"atta45_taxonomy-reflexer-verktyg-sakerhet-knivar-sv","10":"atta45_taxonomy-tema-inspiration-branscher-konstruktion-sv","11":"atta45_taxonomy-reflexer-verktyg-sakerhet-multiverktyg-sv","12":"atta45_taxonomy-tema-inspiration-sv","13":"atta45_taxonomy-tema-inspiration-varumarken-sv","14":"atta45_taxonomy-reflexer-verktyg-sakerhet-verktyg-sv","15":"atta45_taxonomy-tema-inspiration-varumarken-victorinox-sv","17":"first","18":"instock","19":"taxable","20":"shipping-taxable","21":"purchasable","22":"product-type-variable"},"acf":[],"_links":{"self":[{"href":"https:\/\/www.atta45.se\/e-butik\/wp-json\/wp\/v2\/product\/97488","targetHints":{"allow":["GET"]}}],"collection":[{"href":"https:\/\/www.atta45.se\/e-butik\/wp-json\/wp\/v2\/product"}],"about":[{"href":"https:\/\/www.atta45.se\/e-butik\/wp-json\/wp\/v2\/types\/product"}],"wp:featuredmedia":[{"embeddable":true,"href":"https:\/\/www.atta45.se\/e-butik\/wp-json\/wp\/v2\/media\/97489"}],"wp:attachment":[{"href":"https:\/\/www.atta45.se\/e-butik\/wp-json\/wp\/v2\/media?parent=97488"}],"wp:term":[{"taxonomy":"product_brand","embeddable":true,"href":"https:\/\/www.atta45.se\/e-butik\/wp-json\/wp\/v2\/product_brand?post=97488"},{"taxonomy":"product_cat","embeddable":true,"href":"https:\/\/www.atta45.se\/e-butik\/wp-json\/wp\/v2\/product_cat?post=97488"},{"taxonomy":"product_tag","embeddable":true,"href":"https:\/\/www.atta45.se\/e-butik\/wp-json\/wp\/v2\/product_tag?post=97488"}],"curies":[{"name":"wp","href":"https:\/\/api.w.org\/{rel}","templated":true}]}}