{"id":8661,"date":"2021-11-19T10:40:55","date_gmt":"2021-11-19T09:40:55","guid":{"rendered":"https:\/\/www.atta45.se\/e-butik\/?post_type=product&#038;p=8661"},"modified":"2025-12-12T16:12:45","modified_gmt":"2025-12-12T15:12:45","slug":"korrespondenskort","status":"publish","type":"product","link":"https:\/\/www.atta45.se\/e-butik\/produkt\/korrespondenskort\/","title":{"rendered":"Korrespondenskort"},"content":{"rendered":"","protected":false},"excerpt":{"rendered":"<h1>Vi trycker korrespondenskort av h\u00f6gsta kvalitet till bra pris!<\/h1>\n<p>Ett snyggt bifogat korrespondenskort s\u00e4tter en trevlig pr\u00e4gel p\u00e5 f\u00f6rs\u00e4ndelsen. Ist\u00e4llet f\u00f6r en brevutskrift skapar ett handskrivet korrkort en mer personlig h\u00e4lsning. Dessutom sprider ni ert f\u00f6retags logotyp och bygger varum\u00e4rke. Vi trycker era korrkort p\u00e5 obestruket 190g papper av h\u00f6gsta kvalitet.<\/p>\n<p>OBS: Vi kan endast ta emot en fil per produkt. Om ni vill ladda upp fler tryckoriginal, s\u00e5 skapa en mapp som ni l\u00e4gger filerna i. Sedan komprimerar ni mappen. Vi tar emot komprimerade format s\u00e5som: zip, rar, gz och 7z.<\/p>\n","protected":false},"featured_media":8670,"template":"","meta":{"_acf_changed":false,"_seopress_robots_primary_cat":"none","_seopress_titles_title":"Tryck korrespondenskort till bra priser | \u00c5tta.45 Tryckeri","_seopress_titles_desc":"Ett snyggt bifogat korrespondenskort s\u00e4tter personlig pr\u00e4gel p\u00e5 din f\u00f6rs\u00e4ndelse. Vi trycker korrespondenskort av h\u00f6gsta kvalitet, snabbt och till bra pris!","_seopress_robots_index":""},"product_brand":[],"product_cat":[15,98],"product_tag":[],"class_list":{"0":"post-8661","1":"product","2":"type-product","3":"status-publish","4":"has-post-thumbnail","6":"product_cat-okategoriserad","7":"product_cat-trycksaker","9":"first","10":"instock","11":"taxable","12":"shipping-taxable","13":"purchasable","14":"product-type-variable","15":"has-default-attributes"},"acf":[],"_links":{"self":[{"href":"https:\/\/www.atta45.se\/e-butik\/wp-json\/wp\/v2\/product\/8661","targetHints":{"allow":["GET"]}}],"collection":[{"href":"https:\/\/www.atta45.se\/e-butik\/wp-json\/wp\/v2\/product"}],"about":[{"href":"https:\/\/www.atta45.se\/e-butik\/wp-json\/wp\/v2\/types\/product"}],"wp:featuredmedia":[{"embeddable":true,"href":"https:\/\/www.atta45.se\/e-butik\/wp-json\/wp\/v2\/media\/8670"}],"wp:attachment":[{"href":"https:\/\/www.atta45.se\/e-butik\/wp-json\/wp\/v2\/media?parent=8661"}],"wp:term":[{"taxonomy":"product_brand","embeddable":true,"href":"https:\/\/www.atta45.se\/e-butik\/wp-json\/wp\/v2\/product_brand?post=8661"},{"taxonomy":"product_cat","embeddable":true,"href":"https:\/\/www.atta45.se\/e-butik\/wp-json\/wp\/v2\/product_cat?post=8661"},{"taxonomy":"product_tag","embeddable":true,"href":"https:\/\/www.atta45.se\/e-butik\/wp-json\/wp\/v2\/product_tag?post=8661"}],"curies":[{"name":"wp","href":"https:\/\/api.w.org\/{rel}","templated":true}]}}