{"id":82192,"date":"2024-12-27T04:04:08","date_gmt":"2024-12-27T03:04:08","guid":{"rendered":"https:\/\/www.atta45.se\/e-butik\/?post_type=product&#038;p=82192"},"modified":"2025-10-28T04:05:30","modified_gmt":"2025-10-28T03:05:30","slug":"logoband-reflekterande","status":"publish","type":"product","link":"https:\/\/www.atta45.se\/e-butik\/produkt\/logoband-reflekterande\/","title":{"rendered":"Logoband Reflekterande"},"content":{"rendered":"<p>Logoband \u00e4r en klassisk profilartikel, i kombination med reflex visar det \u00f6kad omtanke om mottagaren. M\u00f6jligt att utforma med reflexband, reflekterande stygn och\/eller reflekterande tryck. <\/p>\n<p>OBS! Produkten kan vrida sig.<\/p>\n","protected":false},"excerpt":{"rendered":"<p>Logoband \u00e4r en klassisk profilartikel, i kombination med reflex visar det \u00f6kad omtanke om mottagaren. M\u00f6jligt att utforma med reflexband, reflekterande stygn och\/eller reflekterande tryck. OBS! Produkten kan vrida sig.<\/p>\n","protected":false},"featured_media":82193,"template":"","meta":{"_acf_changed":false,"_seopress_robots_primary_cat":"","_seopress_titles_title":"","_seopress_titles_desc":"","_seopress_robots_index":""},"product_brand":[],"product_cat":[15],"product_tag":[],"class_list":{"0":"post-82192","1":"product","2":"type-product","3":"status-publish","4":"has-post-thumbnail","6":"product_cat-okategoriserad","7":"atta45_taxonomy-tema-inspiration-varumarken-great-reflectives-sv","8":"atta45_taxonomy-logoband-sv","9":"atta45_taxonomy-tema-inspiration-sasong-vinter-sv","11":"first","12":"instock","13":"taxable","14":"shipping-taxable","15":"purchasable","16":"product-type-variable"},"acf":[],"_links":{"self":[{"href":"https:\/\/www.atta45.se\/e-butik\/wp-json\/wp\/v2\/product\/82192","targetHints":{"allow":["GET"]}}],"collection":[{"href":"https:\/\/www.atta45.se\/e-butik\/wp-json\/wp\/v2\/product"}],"about":[{"href":"https:\/\/www.atta45.se\/e-butik\/wp-json\/wp\/v2\/types\/product"}],"wp:featuredmedia":[{"embeddable":true,"href":"https:\/\/www.atta45.se\/e-butik\/wp-json\/wp\/v2\/media\/82193"}],"wp:attachment":[{"href":"https:\/\/www.atta45.se\/e-butik\/wp-json\/wp\/v2\/media?parent=82192"}],"wp:term":[{"taxonomy":"product_brand","embeddable":true,"href":"https:\/\/www.atta45.se\/e-butik\/wp-json\/wp\/v2\/product_brand?post=82192"},{"taxonomy":"product_cat","embeddable":true,"href":"https:\/\/www.atta45.se\/e-butik\/wp-json\/wp\/v2\/product_cat?post=82192"},{"taxonomy":"product_tag","embeddable":true,"href":"https:\/\/www.atta45.se\/e-butik\/wp-json\/wp\/v2\/product_tag?post=82192"}],"curies":[{"name":"wp","href":"https:\/\/api.w.org\/{rel}","templated":true}]}}