{"id":82154,"date":"2024-12-27T04:03:34","date_gmt":"2024-12-27T03:03:34","guid":{"rendered":"https:\/\/www.atta45.se\/e-butik\/?post_type=product&#038;p=82154"},"modified":"2025-10-28T03:09:23","modified_gmt":"2025-10-28T02:09:23","slug":"sublimerade-logoband-tryck-pa-bada-sidor-eu","status":"publish","type":"product","link":"https:\/\/www.atta45.se\/e-butik\/produkt\/sublimerade-logoband-tryck-pa-bada-sidor-eu\/","title":{"rendered":"Logoband Sublimerade, tryck p\u00e5 b\u00e5da sidor EU"},"content":{"rendered":"<p>Producerade i Europa<\/p>\n<p>Sublimationstryck \u00e4r det b\u00e4sta valet f\u00f6r flerf\u00e4rgsdesign. CMYK f\u00e4rgkod. Platt polyesterband med karbinkrok, fullf\u00e4rgstryck p\u00e5 b\u00e4gge sidorna.<\/p>\n<p>Tillverkat i Europa<\/p>\n","protected":false},"excerpt":{"rendered":"<p>Producerade i Europa Sublimationstryck \u00e4r det b\u00e4sta valet f\u00f6r flerf\u00e4rgsdesign. CMYK f\u00e4rgkod. Platt polyesterband med karbinkrok, fullf\u00e4rgstryck p\u00e5 b\u00e4gge sidorna. Tillverkat i Europa<\/p>\n","protected":false},"featured_media":82155,"template":"","meta":{"_acf_changed":false,"_seopress_robots_primary_cat":"","_seopress_titles_title":"","_seopress_titles_desc":"","_seopress_robots_index":""},"product_brand":[],"product_cat":[15],"product_tag":[],"class_list":{"0":"post-82154","1":"product","2":"type-product","3":"status-publish","4":"has-post-thumbnail","6":"product_cat-okategoriserad","7":"atta45_taxonomy-logoband-sv","9":"first","10":"instock","11":"taxable","12":"shipping-taxable","13":"purchasable","14":"product-type-variable"},"acf":[],"_links":{"self":[{"href":"https:\/\/www.atta45.se\/e-butik\/wp-json\/wp\/v2\/product\/82154","targetHints":{"allow":["GET"]}}],"collection":[{"href":"https:\/\/www.atta45.se\/e-butik\/wp-json\/wp\/v2\/product"}],"about":[{"href":"https:\/\/www.atta45.se\/e-butik\/wp-json\/wp\/v2\/types\/product"}],"wp:featuredmedia":[{"embeddable":true,"href":"https:\/\/www.atta45.se\/e-butik\/wp-json\/wp\/v2\/media\/82155"}],"wp:attachment":[{"href":"https:\/\/www.atta45.se\/e-butik\/wp-json\/wp\/v2\/media?parent=82154"}],"wp:term":[{"taxonomy":"product_brand","embeddable":true,"href":"https:\/\/www.atta45.se\/e-butik\/wp-json\/wp\/v2\/product_brand?post=82154"},{"taxonomy":"product_cat","embeddable":true,"href":"https:\/\/www.atta45.se\/e-butik\/wp-json\/wp\/v2\/product_cat?post=82154"},{"taxonomy":"product_tag","embeddable":true,"href":"https:\/\/www.atta45.se\/e-butik\/wp-json\/wp\/v2\/product_tag?post=82154"}],"curies":[{"name":"wp","href":"https:\/\/api.w.org\/{rel}","templated":true}]}}