{"id":82136,"date":"2024-12-27T04:03:18","date_gmt":"2024-12-27T03:03:18","guid":{"rendered":"https:\/\/www.atta45.se\/e-butik\/?post_type=product&#038;p=82136"},"modified":"2025-10-28T03:08:46","modified_gmt":"2025-10-28T02:08:46","slug":"logoband-sublimering-bada-sidor","status":"publish","type":"product","link":"https:\/\/www.atta45.se\/e-butik\/produkt\/logoband-sublimering-bada-sidor\/","title":{"rendered":"Logoband Sublimering b\u00e5da sidor"},"content":{"rendered":"<p>Heat transfer-tryckt (sublimationstryck) \u00e4r det b\u00e4sta valet f\u00f6r motiv med m\u00e5nga f\u00e4rger. CMYK-f\u00e4rger. Plant polyesterband med karbinhake.<\/p>\n<p>Logobanden fullf\u00e4rgstrycks och du kan v\u00e4lja om du vill ha tryck p\u00e5 en eller b\u00e4gge sidorna.<\/p>\n<p>Forts\u00e4tt bygga vidare p\u00e5 produkten med exempelvis s\u00e4kerhetsf\u00e4ste, snabbf\u00e4ste, mm. som finns som enskilda produkter.<\/p>\n","protected":false},"excerpt":{"rendered":"<p>Heat transfer-tryckt (sublimationstryck) \u00e4r det b\u00e4sta valet f\u00f6r motiv med m\u00e5nga f\u00e4rger. CMYK-f\u00e4rger. Plant polyesterband med karbinhake. Logobanden fullf\u00e4rgstrycks och du kan v\u00e4lja om du vill ha tryck p\u00e5 en eller b\u00e4gge sidorna. Forts\u00e4tt bygga vidare p\u00e5 produkten med exempelvis s\u00e4kerhetsf\u00e4ste, snabbf\u00e4ste, mm. som finns som enskilda produkter.<\/p>\n","protected":false},"featured_media":82137,"template":"","meta":{"_acf_changed":false,"_seopress_robots_primary_cat":"","_seopress_titles_title":"","_seopress_titles_desc":"","_seopress_robots_index":""},"product_brand":[],"product_cat":[15],"product_tag":[],"class_list":{"0":"post-82136","1":"product","2":"type-product","3":"status-publish","4":"has-post-thumbnail","6":"product_cat-okategoriserad","7":"atta45_taxonomy-logoband-sv","8":"atta45_taxonomy-tema-inspiration-varumarken-ycp-sv","10":"first","11":"instock","12":"taxable","13":"shipping-taxable","14":"purchasable","15":"product-type-variable"},"acf":[],"_links":{"self":[{"href":"https:\/\/www.atta45.se\/e-butik\/wp-json\/wp\/v2\/product\/82136","targetHints":{"allow":["GET"]}}],"collection":[{"href":"https:\/\/www.atta45.se\/e-butik\/wp-json\/wp\/v2\/product"}],"about":[{"href":"https:\/\/www.atta45.se\/e-butik\/wp-json\/wp\/v2\/types\/product"}],"wp:featuredmedia":[{"embeddable":true,"href":"https:\/\/www.atta45.se\/e-butik\/wp-json\/wp\/v2\/media\/82137"}],"wp:attachment":[{"href":"https:\/\/www.atta45.se\/e-butik\/wp-json\/wp\/v2\/media?parent=82136"}],"wp:term":[{"taxonomy":"product_brand","embeddable":true,"href":"https:\/\/www.atta45.se\/e-butik\/wp-json\/wp\/v2\/product_brand?post=82136"},{"taxonomy":"product_cat","embeddable":true,"href":"https:\/\/www.atta45.se\/e-butik\/wp-json\/wp\/v2\/product_cat?post=82136"},{"taxonomy":"product_tag","embeddable":true,"href":"https:\/\/www.atta45.se\/e-butik\/wp-json\/wp\/v2\/product_tag?post=82136"}],"curies":[{"name":"wp","href":"https:\/\/api.w.org\/{rel}","templated":true}]}}