{"id":82094,"date":"2024-12-27T04:02:06","date_gmt":"2024-12-27T03:02:06","guid":{"rendered":"https:\/\/www.atta45.se\/e-butik\/?post_type=product&#038;p=82094"},"modified":"2025-10-28T03:07:08","modified_gmt":"2025-10-28T02:07:08","slug":"logoband-semester-lagervara","status":"publish","type":"product","link":"https:\/\/www.atta45.se\/e-butik\/produkt\/logoband-semester-lagervara\/","title":{"rendered":"Logoband Semester (Lagervara)"},"content":{"rendered":"<p>Plant polyesterband med karbinhake och s\u00e4kerhetsf\u00e4ste. Tryckt &#8221;Jag har semester&#8221; p\u00e5 svenska. Lagervara.<\/p>\n","protected":false},"excerpt":{"rendered":"<p>Plant polyesterband med karbinhake och s\u00e4kerhetsf\u00e4ste. Tryckt &#8221;Jag har semester&#8221; p\u00e5 svenska. Lagervara.<\/p>\n","protected":false},"featured_media":82095,"template":"","meta":{"_acf_changed":false,"_seopress_robots_primary_cat":"","_seopress_titles_title":"","_seopress_titles_desc":"","_seopress_robots_index":""},"product_brand":[],"product_cat":[15],"product_tag":[],"class_list":{"0":"post-82094","1":"product","2":"type-product","3":"status-publish","4":"has-post-thumbnail","6":"product_cat-okategoriserad","7":"atta45_taxonomy-logoband-sv","8":"atta45_taxonomy-tema-inspiration-sasong-sommar-sv","10":"first","11":"instock","12":"taxable","13":"shipping-taxable","14":"purchasable","15":"product-type-variable"},"acf":[],"_links":{"self":[{"href":"https:\/\/www.atta45.se\/e-butik\/wp-json\/wp\/v2\/product\/82094","targetHints":{"allow":["GET"]}}],"collection":[{"href":"https:\/\/www.atta45.se\/e-butik\/wp-json\/wp\/v2\/product"}],"about":[{"href":"https:\/\/www.atta45.se\/e-butik\/wp-json\/wp\/v2\/types\/product"}],"wp:featuredmedia":[{"embeddable":true,"href":"https:\/\/www.atta45.se\/e-butik\/wp-json\/wp\/v2\/media\/82095"}],"wp:attachment":[{"href":"https:\/\/www.atta45.se\/e-butik\/wp-json\/wp\/v2\/media?parent=82094"}],"wp:term":[{"taxonomy":"product_brand","embeddable":true,"href":"https:\/\/www.atta45.se\/e-butik\/wp-json\/wp\/v2\/product_brand?post=82094"},{"taxonomy":"product_cat","embeddable":true,"href":"https:\/\/www.atta45.se\/e-butik\/wp-json\/wp\/v2\/product_cat?post=82094"},{"taxonomy":"product_tag","embeddable":true,"href":"https:\/\/www.atta45.se\/e-butik\/wp-json\/wp\/v2\/product_tag?post=82094"}],"curies":[{"name":"wp","href":"https:\/\/api.w.org\/{rel}","templated":true}]}}