{"id":81948,"date":"2024-12-27T03:58:27","date_gmt":"2024-12-27T02:58:27","guid":{"rendered":"https:\/\/www.atta45.se\/e-butik\/?post_type=product&#038;p=81948"},"modified":"2025-10-28T03:02:17","modified_gmt":"2025-10-28T02:02:17","slug":"logoband-rundvavt","status":"publish","type":"product","link":"https:\/\/www.atta45.se\/e-butik\/produkt\/logoband-rundvavt\/","title":{"rendered":"Logoband Rundv\u00e4vt"},"content":{"rendered":"<p>Rundv\u00e4vt band med karbinhake, valfri bottenf\u00e4rg samt en logof\u00e4rg. Kontakta oss f\u00f6r fler m\u00f6jligheter till egen design. <\/p>\n","protected":false},"excerpt":{"rendered":"<p>Rundv\u00e4vt band med karbinhake, valfri bottenf\u00e4rg samt en logof\u00e4rg. Kontakta oss f\u00f6r fler m\u00f6jligheter till egen design.<\/p>\n","protected":false},"featured_media":81949,"template":"","meta":{"_acf_changed":false,"_seopress_robots_primary_cat":"","_seopress_titles_title":"","_seopress_titles_desc":"","_seopress_robots_index":""},"product_brand":[],"product_cat":[15],"product_tag":[],"class_list":{"0":"post-81948","1":"product","2":"type-product","3":"status-publish","4":"has-post-thumbnail","6":"product_cat-okategoriserad","7":"atta45_taxonomy-logoband-sv","8":"atta45_taxonomy-tema-inspiration-varumarken-ycp-sv","10":"first","11":"instock","12":"taxable","13":"shipping-taxable","14":"purchasable","15":"product-type-variable"},"acf":[],"_links":{"self":[{"href":"https:\/\/www.atta45.se\/e-butik\/wp-json\/wp\/v2\/product\/81948","targetHints":{"allow":["GET"]}}],"collection":[{"href":"https:\/\/www.atta45.se\/e-butik\/wp-json\/wp\/v2\/product"}],"about":[{"href":"https:\/\/www.atta45.se\/e-butik\/wp-json\/wp\/v2\/types\/product"}],"wp:featuredmedia":[{"embeddable":true,"href":"https:\/\/www.atta45.se\/e-butik\/wp-json\/wp\/v2\/media\/81949"}],"wp:attachment":[{"href":"https:\/\/www.atta45.se\/e-butik\/wp-json\/wp\/v2\/media?parent=81948"}],"wp:term":[{"taxonomy":"product_brand","embeddable":true,"href":"https:\/\/www.atta45.se\/e-butik\/wp-json\/wp\/v2\/product_brand?post=81948"},{"taxonomy":"product_cat","embeddable":true,"href":"https:\/\/www.atta45.se\/e-butik\/wp-json\/wp\/v2\/product_cat?post=81948"},{"taxonomy":"product_tag","embeddable":true,"href":"https:\/\/www.atta45.se\/e-butik\/wp-json\/wp\/v2\/product_tag?post=81948"}],"curies":[{"name":"wp","href":"https:\/\/api.w.org\/{rel}","templated":true}]}}