{"id":81936,"date":"2024-12-27T03:58:07","date_gmt":"2024-12-27T02:58:07","guid":{"rendered":"https:\/\/www.atta45.se\/e-butik\/?post_type=product&#038;p=81936"},"modified":"2025-10-28T03:01:51","modified_gmt":"2025-10-28T02:01:51","slug":"logoband-flytande","status":"publish","type":"product","link":"https:\/\/www.atta45.se\/e-butik\/produkt\/logoband-flytande\/","title":{"rendered":"Logoband Flytande"},"content":{"rendered":"<p>V\u00e4vt polyesterband med insydda luftkuddar. Karbinhake, och valfri bottenf\u00e4rg ing\u00e5r i priset. Fler tillbeh\u00f6r och f\u00e4rger \u00e4r m\u00f6jliga, kontakta oss f\u00f6r information.<\/p>\n<p>Kan h\u00e5lla en tyngd upp till 40 g<\/p>\n","protected":false},"excerpt":{"rendered":"<p>V\u00e4vt polyesterband med insydda luftkuddar. Karbinhake, och valfri bottenf\u00e4rg ing\u00e5r i priset. Fler tillbeh\u00f6r och f\u00e4rger \u00e4r m\u00f6jliga, kontakta oss f\u00f6r information. Kan h\u00e5lla en tyngd upp till 40 g<\/p>\n","protected":false},"featured_media":81937,"template":"","meta":{"_acf_changed":false,"_seopress_robots_primary_cat":"","_seopress_titles_title":"","_seopress_titles_desc":"","_seopress_robots_index":""},"product_brand":[],"product_cat":[15],"product_tag":[],"class_list":{"0":"post-81936","1":"product","2":"type-product","3":"status-publish","4":"has-post-thumbnail","6":"product_cat-okategoriserad","7":"atta45_taxonomy-logoband-sv","8":"atta45_taxonomy-tema-inspiration-varumarken-ycp-sv","10":"first","11":"instock","12":"taxable","13":"shipping-taxable","14":"purchasable","15":"product-type-variable"},"acf":[],"_links":{"self":[{"href":"https:\/\/www.atta45.se\/e-butik\/wp-json\/wp\/v2\/product\/81936","targetHints":{"allow":["GET"]}}],"collection":[{"href":"https:\/\/www.atta45.se\/e-butik\/wp-json\/wp\/v2\/product"}],"about":[{"href":"https:\/\/www.atta45.se\/e-butik\/wp-json\/wp\/v2\/types\/product"}],"wp:featuredmedia":[{"embeddable":true,"href":"https:\/\/www.atta45.se\/e-butik\/wp-json\/wp\/v2\/media\/81937"}],"wp:attachment":[{"href":"https:\/\/www.atta45.se\/e-butik\/wp-json\/wp\/v2\/media?parent=81936"}],"wp:term":[{"taxonomy":"product_brand","embeddable":true,"href":"https:\/\/www.atta45.se\/e-butik\/wp-json\/wp\/v2\/product_brand?post=81936"},{"taxonomy":"product_cat","embeddable":true,"href":"https:\/\/www.atta45.se\/e-butik\/wp-json\/wp\/v2\/product_cat?post=81936"},{"taxonomy":"product_tag","embeddable":true,"href":"https:\/\/www.atta45.se\/e-butik\/wp-json\/wp\/v2\/product_tag?post=81936"}],"curies":[{"name":"wp","href":"https:\/\/api.w.org\/{rel}","templated":true}]}}