{"id":81822,"date":"2024-12-27T03:56:54","date_gmt":"2024-12-27T02:56:54","guid":{"rendered":"https:\/\/www.atta45.se\/e-butik\/?post_type=product&#038;p=81822"},"modified":"2025-10-28T03:00:33","modified_gmt":"2025-10-28T02:00:33","slug":"bambu-logoband","status":"publish","type":"product","link":"https:\/\/www.atta45.se\/e-butik\/produkt\/bambu-logoband\/","title":{"rendered":"Logoband Bambu"},"content":{"rendered":"<p>Plana logoband av bambu cellulosa. Karbinhake i metall ing\u00e5r. M\u00f6jligheter till andra f\u00e4sten p\u00e5 f\u00f6rfr\u00e5gan.?<\/p>\n","protected":false},"excerpt":{"rendered":"<p>Plana logoband av bambu cellulosa. Karbinhake i metall ing\u00e5r. M\u00f6jligheter till andra f\u00e4sten p\u00e5 f\u00f6rfr\u00e5gan.?<\/p>\n","protected":false},"featured_media":81823,"template":"","meta":{"_acf_changed":false,"_seopress_robots_primary_cat":"","_seopress_titles_title":"","_seopress_titles_desc":"","_seopress_robots_index":""},"product_brand":[],"product_cat":[15],"product_tag":[],"class_list":{"0":"post-81822","1":"product","2":"type-product","3":"status-publish","4":"has-post-thumbnail","6":"product_cat-okategoriserad","7":"atta45_taxonomy-logoband-sv","8":"atta45_taxonomy-tema-inspiration-varumarken-ycp-sv","10":"first","11":"instock","12":"taxable","13":"shipping-taxable","14":"purchasable","15":"product-type-variable"},"acf":[],"_links":{"self":[{"href":"https:\/\/www.atta45.se\/e-butik\/wp-json\/wp\/v2\/product\/81822","targetHints":{"allow":["GET"]}}],"collection":[{"href":"https:\/\/www.atta45.se\/e-butik\/wp-json\/wp\/v2\/product"}],"about":[{"href":"https:\/\/www.atta45.se\/e-butik\/wp-json\/wp\/v2\/types\/product"}],"wp:featuredmedia":[{"embeddable":true,"href":"https:\/\/www.atta45.se\/e-butik\/wp-json\/wp\/v2\/media\/81823"}],"wp:attachment":[{"href":"https:\/\/www.atta45.se\/e-butik\/wp-json\/wp\/v2\/media?parent=81822"}],"wp:term":[{"taxonomy":"product_brand","embeddable":true,"href":"https:\/\/www.atta45.se\/e-butik\/wp-json\/wp\/v2\/product_brand?post=81822"},{"taxonomy":"product_cat","embeddable":true,"href":"https:\/\/www.atta45.se\/e-butik\/wp-json\/wp\/v2\/product_cat?post=81822"},{"taxonomy":"product_tag","embeddable":true,"href":"https:\/\/www.atta45.se\/e-butik\/wp-json\/wp\/v2\/product_tag?post=81822"}],"curies":[{"name":"wp","href":"https:\/\/api.w.org\/{rel}","templated":true}]}}