{"id":81760,"date":"2024-12-27T03:56:12","date_gmt":"2024-12-27T02:56:12","guid":{"rendered":"https:\/\/www.atta45.se\/e-butik\/?post_type=product&#038;p=81760"},"modified":"2025-10-28T03:00:07","modified_gmt":"2025-10-28T02:00:07","slug":"logoband-linking","status":"publish","type":"product","link":"https:\/\/www.atta45.se\/e-butik\/produkt\/logoband-linking\/","title":{"rendered":"Logoband Linking"},"content":{"rendered":"<p>V\u00e4vt band med sk linking-teknik, sm\u00e5 \u00f6glor, med karbinhake. Valfri bottenf\u00e4rg plus en logof\u00e4rg ing\u00e5r i priset. Fler tillbeh\u00f6r och f\u00e4rger \u00e4r m\u00f6jliga. Kontakta oss f\u00f6r mer information om m\u00f6jligheterna till egen design.<\/p>\n","protected":false},"excerpt":{"rendered":"<p>V\u00e4vt band med sk linking-teknik, sm\u00e5 \u00f6glor, med karbinhake. Valfri bottenf\u00e4rg plus en logof\u00e4rg ing\u00e5r i priset. Fler tillbeh\u00f6r och f\u00e4rger \u00e4r m\u00f6jliga. Kontakta oss f\u00f6r mer information om m\u00f6jligheterna till egen design.<\/p>\n","protected":false},"featured_media":81761,"template":"","meta":{"_acf_changed":false,"_seopress_robots_primary_cat":"","_seopress_titles_title":"","_seopress_titles_desc":"","_seopress_robots_index":""},"product_brand":[],"product_cat":[15],"product_tag":[],"class_list":{"0":"post-81760","1":"product","2":"type-product","3":"status-publish","4":"has-post-thumbnail","6":"product_cat-okategoriserad","7":"atta45_taxonomy-logoband-sv","8":"atta45_taxonomy-tema-inspiration-varumarken-ycp-sv","10":"first","11":"instock","12":"taxable","13":"shipping-taxable","14":"purchasable","15":"product-type-variable"},"acf":[],"_links":{"self":[{"href":"https:\/\/www.atta45.se\/e-butik\/wp-json\/wp\/v2\/product\/81760","targetHints":{"allow":["GET"]}}],"collection":[{"href":"https:\/\/www.atta45.se\/e-butik\/wp-json\/wp\/v2\/product"}],"about":[{"href":"https:\/\/www.atta45.se\/e-butik\/wp-json\/wp\/v2\/types\/product"}],"wp:featuredmedia":[{"embeddable":true,"href":"https:\/\/www.atta45.se\/e-butik\/wp-json\/wp\/v2\/media\/81761"}],"wp:attachment":[{"href":"https:\/\/www.atta45.se\/e-butik\/wp-json\/wp\/v2\/media?parent=81760"}],"wp:term":[{"taxonomy":"product_brand","embeddable":true,"href":"https:\/\/www.atta45.se\/e-butik\/wp-json\/wp\/v2\/product_brand?post=81760"},{"taxonomy":"product_cat","embeddable":true,"href":"https:\/\/www.atta45.se\/e-butik\/wp-json\/wp\/v2\/product_cat?post=81760"},{"taxonomy":"product_tag","embeddable":true,"href":"https:\/\/www.atta45.se\/e-butik\/wp-json\/wp\/v2\/product_tag?post=81760"}],"curies":[{"name":"wp","href":"https:\/\/api.w.org\/{rel}","templated":true}]}}