{"id":81750,"date":"2024-12-27T03:55:59","date_gmt":"2024-12-27T02:55:59","guid":{"rendered":"https:\/\/www.atta45.se\/e-butik\/?post_type=product&#038;p=81750"},"modified":"2025-10-28T02:59:55","modified_gmt":"2025-10-28T01:59:55","slug":"logoband-dubbelvavt","status":"publish","type":"product","link":"https:\/\/www.atta45.se\/e-butik\/produkt\/logoband-dubbelvavt\/","title":{"rendered":"Logoband Dubbelv\u00e4vt"},"content":{"rendered":"<p>Dubbelv\u00e4vt band<\/p>\n<p>Valfri bottenf\u00e4rg. <\/p>\n<p>V\u00e4lj \u00f6nskade f\u00e4sten till produkten.<\/p>\n<p>Fler tillbeh\u00f6r och f\u00e4rger \u00e4r m\u00f6jliga, kontakta oss f\u00f6r mer information om m\u00f6jligheterna till egen design.<\/p>\n","protected":false},"excerpt":{"rendered":"<p>Dubbelv\u00e4vt band Valfri bottenf\u00e4rg. V\u00e4lj \u00f6nskade f\u00e4sten till produkten. Fler tillbeh\u00f6r och f\u00e4rger \u00e4r m\u00f6jliga, kontakta oss f\u00f6r mer information om m\u00f6jligheterna till egen design.<\/p>\n","protected":false},"featured_media":81751,"template":"","meta":{"_acf_changed":false,"_seopress_robots_primary_cat":"","_seopress_titles_title":"","_seopress_titles_desc":"","_seopress_robots_index":""},"product_brand":[],"product_cat":[15],"product_tag":[],"class_list":{"0":"post-81750","1":"product","2":"type-product","3":"status-publish","4":"has-post-thumbnail","6":"product_cat-okategoriserad","7":"atta45_taxonomy-logoband-sv","8":"atta45_taxonomy-tema-inspiration-varumarken-ycp-sv","10":"first","11":"instock","12":"taxable","13":"shipping-taxable","14":"purchasable","15":"product-type-variable"},"acf":[],"_links":{"self":[{"href":"https:\/\/www.atta45.se\/e-butik\/wp-json\/wp\/v2\/product\/81750","targetHints":{"allow":["GET"]}}],"collection":[{"href":"https:\/\/www.atta45.se\/e-butik\/wp-json\/wp\/v2\/product"}],"about":[{"href":"https:\/\/www.atta45.se\/e-butik\/wp-json\/wp\/v2\/types\/product"}],"wp:featuredmedia":[{"embeddable":true,"href":"https:\/\/www.atta45.se\/e-butik\/wp-json\/wp\/v2\/media\/81751"}],"wp:attachment":[{"href":"https:\/\/www.atta45.se\/e-butik\/wp-json\/wp\/v2\/media?parent=81750"}],"wp:term":[{"taxonomy":"product_brand","embeddable":true,"href":"https:\/\/www.atta45.se\/e-butik\/wp-json\/wp\/v2\/product_brand?post=81750"},{"taxonomy":"product_cat","embeddable":true,"href":"https:\/\/www.atta45.se\/e-butik\/wp-json\/wp\/v2\/product_cat?post=81750"},{"taxonomy":"product_tag","embeddable":true,"href":"https:\/\/www.atta45.se\/e-butik\/wp-json\/wp\/v2\/product_tag?post=81750"}],"curies":[{"name":"wp","href":"https:\/\/api.w.org\/{rel}","templated":true}]}}