{"id":81598,"date":"2024-12-27T03:54:28","date_gmt":"2024-12-27T02:54:28","guid":{"rendered":"https:\/\/www.atta45.se\/e-butik\/?post_type=product&#038;p=81598"},"modified":"2025-10-28T02:59:31","modified_gmt":"2025-10-28T01:59:31","slug":"passerkortshallare-pull-reel","status":"publish","type":"product","link":"https:\/\/www.atta45.se\/e-butik\/produkt\/passerkortshallare-pull-reel\/","title":{"rendered":"Passerkortsh\u00e5llare (pull reel)"},"content":{"rendered":"<p>Utdragbar passerkortsh\u00e5llare i plast, f\u00f6r passerkort med utstansat h\u00e5l i ena kortsidan. Metallklips och \u00e5terfj\u00e4drande sn\u00f6re p\u00e5 ca 80 cm. Kan \u00e4ven anv\u00e4ndas f\u00f6r att kn\u00e4ppa runt t.ex. en nyckelring.<\/p>\n<p>Finns i standarf\u00e4rger eller egen Pantone.<\/p>\n","protected":false},"excerpt":{"rendered":"<p>Utdragbar passerkortsh\u00e5llare i plast, f\u00f6r passerkort med utstansat h\u00e5l i ena kortsidan. Metallklips och \u00e5terfj\u00e4drande sn\u00f6re p\u00e5 ca 80 cm. Kan \u00e4ven anv\u00e4ndas f\u00f6r att kn\u00e4ppa runt t.ex. en nyckelring. Finns i standarf\u00e4rger eller egen Pantone.<\/p>\n","protected":false},"featured_media":81599,"template":"","meta":{"_acf_changed":false,"_seopress_robots_primary_cat":"","_seopress_titles_title":"","_seopress_titles_desc":"","_seopress_robots_index":""},"product_brand":[],"product_cat":[15],"product_tag":[],"class_list":{"0":"post-81598","1":"product","2":"type-product","3":"status-publish","4":"has-post-thumbnail","6":"product_cat-okategoriserad","7":"atta45_taxonomy-logoband-sv","8":"atta45_taxonomy-trading-fritid-sportartiklar-sv","10":"first","11":"instock","12":"taxable","13":"shipping-taxable","14":"purchasable","15":"product-type-variable"},"acf":[],"_links":{"self":[{"href":"https:\/\/www.atta45.se\/e-butik\/wp-json\/wp\/v2\/product\/81598","targetHints":{"allow":["GET"]}}],"collection":[{"href":"https:\/\/www.atta45.se\/e-butik\/wp-json\/wp\/v2\/product"}],"about":[{"href":"https:\/\/www.atta45.se\/e-butik\/wp-json\/wp\/v2\/types\/product"}],"wp:featuredmedia":[{"embeddable":true,"href":"https:\/\/www.atta45.se\/e-butik\/wp-json\/wp\/v2\/media\/81599"}],"wp:attachment":[{"href":"https:\/\/www.atta45.se\/e-butik\/wp-json\/wp\/v2\/media?parent=81598"}],"wp:term":[{"taxonomy":"product_brand","embeddable":true,"href":"https:\/\/www.atta45.se\/e-butik\/wp-json\/wp\/v2\/product_brand?post=81598"},{"taxonomy":"product_cat","embeddable":true,"href":"https:\/\/www.atta45.se\/e-butik\/wp-json\/wp\/v2\/product_cat?post=81598"},{"taxonomy":"product_tag","embeddable":true,"href":"https:\/\/www.atta45.se\/e-butik\/wp-json\/wp\/v2\/product_tag?post=81598"}],"curies":[{"name":"wp","href":"https:\/\/api.w.org\/{rel}","templated":true}]}}