{"id":81516,"date":"2024-12-27T03:53:24","date_gmt":"2024-12-27T02:53:24","guid":{"rendered":"https:\/\/www.atta45.se\/e-butik\/?post_type=product&#038;p=81516"},"modified":"2025-10-27T22:56:14","modified_gmt":"2025-10-27T21:56:14","slug":"nyckel-logoband-och-nyckelhallare","status":"publish","type":"product","link":"https:\/\/www.atta45.se\/e-butik\/produkt\/nyckel-logoband-och-nyckelhallare\/","title":{"rendered":"Logoband med nyckelh\u00e5llare, Bobbi"},"content":{"rendered":"<p>Logoband med s\u00e4kerhetsl\u00e5s, snabbf\u00e4ste i plast och nyckelhake i metall.<\/p>\n","protected":false},"excerpt":{"rendered":"<p>Logoband med s\u00e4kerhetsl\u00e5s, snabbf\u00e4ste i plast och nyckelhake i metall.<\/p>\n","protected":false},"featured_media":81517,"template":"","meta":{"_acf_changed":false,"_seopress_robots_primary_cat":"","_seopress_titles_title":"","_seopress_titles_desc":"","_seopress_robots_index":""},"product_brand":[],"product_cat":[15],"product_tag":[],"class_list":{"0":"post-81516","1":"product","2":"type-product","3":"status-publish","4":"has-post-thumbnail","6":"product_cat-okategoriserad","7":"atta45_taxonomy-tema-inspiration-branscher-sv","8":"atta45_taxonomy-tema-inspiration-ogonblick-fargglad-lycka-sv","9":"atta45_taxonomy-logoband-sv","10":"atta45_taxonomy-praktiska-ting-nyckelringar-med-lampor-sv","11":"atta45_taxonomy-praktiska-ting-nyckelringar-utan-lampor-sv","12":"atta45_taxonomy-tema-inspiration-ogonblick-sporthandelser-sv","13":"atta45_taxonomy-tema-inspiration-sv","14":"atta45_taxonomy-tema-inspiration-branscher-utbildning-sv","16":"first","17":"instock","18":"taxable","19":"shipping-taxable","20":"purchasable","21":"product-type-variable"},"acf":[],"_links":{"self":[{"href":"https:\/\/www.atta45.se\/e-butik\/wp-json\/wp\/v2\/product\/81516","targetHints":{"allow":["GET"]}}],"collection":[{"href":"https:\/\/www.atta45.se\/e-butik\/wp-json\/wp\/v2\/product"}],"about":[{"href":"https:\/\/www.atta45.se\/e-butik\/wp-json\/wp\/v2\/types\/product"}],"wp:featuredmedia":[{"embeddable":true,"href":"https:\/\/www.atta45.se\/e-butik\/wp-json\/wp\/v2\/media\/81517"}],"wp:attachment":[{"href":"https:\/\/www.atta45.se\/e-butik\/wp-json\/wp\/v2\/media?parent=81516"}],"wp:term":[{"taxonomy":"product_brand","embeddable":true,"href":"https:\/\/www.atta45.se\/e-butik\/wp-json\/wp\/v2\/product_brand?post=81516"},{"taxonomy":"product_cat","embeddable":true,"href":"https:\/\/www.atta45.se\/e-butik\/wp-json\/wp\/v2\/product_cat?post=81516"},{"taxonomy":"product_tag","embeddable":true,"href":"https:\/\/www.atta45.se\/e-butik\/wp-json\/wp\/v2\/product_tag?post=81516"}],"curies":[{"name":"wp","href":"https:\/\/api.w.org\/{rel}","templated":true}]}}