{"id":81496,"date":"2024-12-27T03:53:07","date_gmt":"2024-12-27T02:53:07","guid":{"rendered":"https:\/\/www.atta45.se\/e-butik\/?post_type=product&#038;p=81496"},"modified":"2025-10-27T22:31:57","modified_gmt":"2025-10-27T21:31:57","slug":"passerkortshallare-2","status":"publish","type":"product","link":"https:\/\/www.atta45.se\/e-butik\/produkt\/passerkortshallare-2\/","title":{"rendered":"Passerkortsh\u00e5llare 80cm ABS Eric"},"content":{"rendered":"<p>Utdragbar passerkortsh\u00e5llare i plast, f\u00f6r passerkort med utstansat h\u00e5l i ena kortsidan. Metallklips och \u00e5terfj\u00e4drande sn\u00f6re p\u00e5 ca 80 cm. Kan \u00e4ven anv\u00e4ndas f\u00f6r att kn\u00e4ppa runt t.ex. en nyckelring.<\/p>\n","protected":false},"excerpt":{"rendered":"<p>Utdragbar passerkortsh\u00e5llare i plast, f\u00f6r passerkort med utstansat h\u00e5l i ena kortsidan. Metallklips och \u00e5terfj\u00e4drande sn\u00f6re p\u00e5 ca 80 cm. Kan \u00e4ven anv\u00e4ndas f\u00f6r att kn\u00e4ppa runt t.ex. en nyckelring.<\/p>\n","protected":false},"featured_media":81497,"template":"","meta":{"_acf_changed":false,"_seopress_robots_primary_cat":"","_seopress_titles_title":"","_seopress_titles_desc":"","_seopress_robots_index":""},"product_brand":[],"product_cat":[15],"product_tag":[],"class_list":{"0":"post-81496","1":"product","2":"type-product","3":"status-publish","4":"has-post-thumbnail","6":"product_cat-okategoriserad","7":"atta45_taxonomy-logoband-sv","8":"atta45_taxonomy-praktiska-ting-nyckelringar-med-lampor-sv","9":"atta45_taxonomy-praktiska-ting-nyckelringar-utan-lampor-sv","10":"atta45_taxonomy-vaskor-resetillbehor-researtiklar-sv","11":"atta45_taxonomy-tema-inspiration-sv","12":"atta45_taxonomy-vaskor-resetillbehor-sv","13":"atta45_taxonomy-tema-inspiration-ogonblick-vinterlandskap-sv","15":"first","16":"instock","17":"taxable","18":"shipping-taxable","19":"purchasable","20":"product-type-variable"},"acf":[],"_links":{"self":[{"href":"https:\/\/www.atta45.se\/e-butik\/wp-json\/wp\/v2\/product\/81496","targetHints":{"allow":["GET"]}}],"collection":[{"href":"https:\/\/www.atta45.se\/e-butik\/wp-json\/wp\/v2\/product"}],"about":[{"href":"https:\/\/www.atta45.se\/e-butik\/wp-json\/wp\/v2\/types\/product"}],"wp:featuredmedia":[{"embeddable":true,"href":"https:\/\/www.atta45.se\/e-butik\/wp-json\/wp\/v2\/media\/81497"}],"wp:attachment":[{"href":"https:\/\/www.atta45.se\/e-butik\/wp-json\/wp\/v2\/media?parent=81496"}],"wp:term":[{"taxonomy":"product_brand","embeddable":true,"href":"https:\/\/www.atta45.se\/e-butik\/wp-json\/wp\/v2\/product_brand?post=81496"},{"taxonomy":"product_cat","embeddable":true,"href":"https:\/\/www.atta45.se\/e-butik\/wp-json\/wp\/v2\/product_cat?post=81496"},{"taxonomy":"product_tag","embeddable":true,"href":"https:\/\/www.atta45.se\/e-butik\/wp-json\/wp\/v2\/product_tag?post=81496"}],"curies":[{"name":"wp","href":"https:\/\/api.w.org\/{rel}","templated":true}]}}