{"id":81478,"date":"2024-12-27T03:52:52","date_gmt":"2024-12-27T02:52:52","guid":{"rendered":"https:\/\/www.atta45.se\/e-butik\/?post_type=product&#038;p=81478"},"modified":"2025-10-27T22:31:44","modified_gmt":"2025-10-27T21:31:44","slug":"utdragbar-nyckelring","status":"publish","type":"product","link":"https:\/\/www.atta45.se\/e-butik\/produkt\/utdragbar-nyckelring\/","title":{"rendered":"Nyckelring Utdragbar ABS, Bruno"},"content":{"rendered":"<p>Utdragbar nyckelring, 60 cm l\u00e5ng lina, med karbinhake. G\u00f6r att du kan anv\u00e4nda nyckeln utan att, i de flesta fall, beh\u00f6va koppla loss karbinhaken.<\/p>\n","protected":false},"excerpt":{"rendered":"<p>Utdragbar nyckelring, 60 cm l\u00e5ng lina, med karbinhake. G\u00f6r att du kan anv\u00e4nda nyckeln utan att, i de flesta fall, beh\u00f6va koppla loss karbinhaken.<\/p>\n","protected":false},"featured_media":81479,"template":"","meta":{"_acf_changed":false,"_seopress_robots_primary_cat":"","_seopress_titles_title":"","_seopress_titles_desc":"","_seopress_robots_index":""},"product_brand":[],"product_cat":[15],"product_tag":[],"class_list":{"0":"post-81478","1":"product","2":"type-product","3":"status-publish","4":"has-post-thumbnail","6":"product_cat-okategoriserad","7":"atta45_taxonomy-tema-inspiration-ogonblick-kontorsliv-sv","8":"atta45_taxonomy-logoband-sv","9":"atta45_taxonomy-praktiska-ting-nyckelringar-med-lampor-sv","10":"atta45_taxonomy-praktiska-ting-nyckelringar-utan-lampor-sv","11":"atta45_taxonomy-vaskor-resetillbehor-researtiklar-sv","12":"atta45_taxonomy-tema-inspiration-sv","13":"atta45_taxonomy-vaskor-resetillbehor-sv","15":"first","16":"instock","17":"taxable","18":"shipping-taxable","19":"purchasable","20":"product-type-variable"},"acf":[],"_links":{"self":[{"href":"https:\/\/www.atta45.se\/e-butik\/wp-json\/wp\/v2\/product\/81478","targetHints":{"allow":["GET"]}}],"collection":[{"href":"https:\/\/www.atta45.se\/e-butik\/wp-json\/wp\/v2\/product"}],"about":[{"href":"https:\/\/www.atta45.se\/e-butik\/wp-json\/wp\/v2\/types\/product"}],"wp:featuredmedia":[{"embeddable":true,"href":"https:\/\/www.atta45.se\/e-butik\/wp-json\/wp\/v2\/media\/81479"}],"wp:attachment":[{"href":"https:\/\/www.atta45.se\/e-butik\/wp-json\/wp\/v2\/media?parent=81478"}],"wp:term":[{"taxonomy":"product_brand","embeddable":true,"href":"https:\/\/www.atta45.se\/e-butik\/wp-json\/wp\/v2\/product_brand?post=81478"},{"taxonomy":"product_cat","embeddable":true,"href":"https:\/\/www.atta45.se\/e-butik\/wp-json\/wp\/v2\/product_cat?post=81478"},{"taxonomy":"product_tag","embeddable":true,"href":"https:\/\/www.atta45.se\/e-butik\/wp-json\/wp\/v2\/product_tag?post=81478"}],"curies":[{"name":"wp","href":"https:\/\/api.w.org\/{rel}","templated":true}]}}