{"id":81213,"date":"2024-12-27T03:49:00","date_gmt":"2024-12-27T02:49:00","guid":{"rendered":"https:\/\/www.atta45.se\/e-butik\/?post_type=product&#038;p=81213"},"modified":"2025-10-27T18:37:33","modified_gmt":"2025-10-27T17:37:33","slug":"mossa-merina","status":"publish","type":"product","link":"https:\/\/www.atta45.se\/e-butik\/produkt\/mossa-merina\/","title":{"rendered":"M\u00f6ssa Merina"},"content":{"rendered":"<p> Mycket bekv\u00e4m, cool och favoritm\u00f6ssa, finns i \u00e5tta f\u00e4rger. Material 50% merinoull och 50% akryl. Fashionabla m\u00f6ssa 100 % gjord och designad i Tjeckien.<\/p>\n<p>BtCap<\/p>\n","protected":false},"excerpt":{"rendered":"<p>Mycket bekv\u00e4m, cool och favoritm\u00f6ssa, finns i \u00e5tta f\u00e4rger. Material 50% merinoull och 50% akryl. Fashionabla m\u00f6ssa 100 % gjord och designad i Tjeckien. BtCap<\/p>\n","protected":false},"featured_media":81214,"template":"","meta":{"_acf_changed":false,"_seopress_robots_primary_cat":"","_seopress_titles_title":"","_seopress_titles_desc":"","_seopress_robots_index":""},"product_brand":[],"product_cat":[15],"product_tag":[],"class_list":{"0":"post-81213","1":"product","2":"type-product","3":"status-publish","4":"has-post-thumbnail","6":"product_cat-okategoriserad","7":"atta45_taxonomy-kepsar-mossor-btcap-collection-mossor-sv","9":"first","10":"instock","11":"taxable","12":"shipping-taxable","13":"purchasable","14":"product-type-variable"},"acf":[],"_links":{"self":[{"href":"https:\/\/www.atta45.se\/e-butik\/wp-json\/wp\/v2\/product\/81213","targetHints":{"allow":["GET"]}}],"collection":[{"href":"https:\/\/www.atta45.se\/e-butik\/wp-json\/wp\/v2\/product"}],"about":[{"href":"https:\/\/www.atta45.se\/e-butik\/wp-json\/wp\/v2\/types\/product"}],"wp:featuredmedia":[{"embeddable":true,"href":"https:\/\/www.atta45.se\/e-butik\/wp-json\/wp\/v2\/media\/81214"}],"wp:attachment":[{"href":"https:\/\/www.atta45.se\/e-butik\/wp-json\/wp\/v2\/media?parent=81213"}],"wp:term":[{"taxonomy":"product_brand","embeddable":true,"href":"https:\/\/www.atta45.se\/e-butik\/wp-json\/wp\/v2\/product_brand?post=81213"},{"taxonomy":"product_cat","embeddable":true,"href":"https:\/\/www.atta45.se\/e-butik\/wp-json\/wp\/v2\/product_cat?post=81213"},{"taxonomy":"product_tag","embeddable":true,"href":"https:\/\/www.atta45.se\/e-butik\/wp-json\/wp\/v2\/product_tag?post=81213"}],"curies":[{"name":"wp","href":"https:\/\/api.w.org\/{rel}","templated":true}]}}