{"id":81159,"date":"2024-12-27T03:48:09","date_gmt":"2024-12-27T02:48:09","guid":{"rendered":"https:\/\/www.atta45.se\/e-butik\/?post_type=product&#038;p=81159"},"modified":"2025-10-27T18:36:16","modified_gmt":"2025-10-27T17:36:16","slug":"mossa-street","status":"publish","type":"product","link":"https:\/\/www.atta45.se\/e-butik\/produkt\/mossa-street\/","title":{"rendered":"M\u00f6ssa Street"},"content":{"rendered":"<p>Denna m\u00f6ssa \u00e4r ett utm\u00e4rkt val f\u00f6r kalla vinterdagar. Varje man kommer att se snygg ut i den och kommer att tilltala alla. Tveka inte och \u00f6verraska din man eller n\u00e4ra v\u00e4n, de kommer att uppskatta det.<\/p>\n<p>BtCap<\/p>\n","protected":false},"excerpt":{"rendered":"<p>Denna m\u00f6ssa \u00e4r ett utm\u00e4rkt val f\u00f6r kalla vinterdagar. Varje man kommer att se snygg ut i den och kommer att tilltala alla. Tveka inte och \u00f6verraska din man eller n\u00e4ra v\u00e4n, de kommer att uppskatta det. BtCap<\/p>\n","protected":false},"featured_media":81160,"template":"","meta":{"_acf_changed":false,"_seopress_robots_primary_cat":"","_seopress_titles_title":"","_seopress_titles_desc":"","_seopress_robots_index":""},"product_brand":[],"product_cat":[15],"product_tag":[],"class_list":{"0":"post-81159","1":"product","2":"type-product","3":"status-publish","4":"has-post-thumbnail","6":"product_cat-okategoriserad","7":"atta45_taxonomy-kepsar-mossor-btcap-collection-mossor-sv","9":"first","10":"instock","11":"taxable","12":"shipping-taxable","13":"purchasable","14":"product-type-variable"},"acf":[],"_links":{"self":[{"href":"https:\/\/www.atta45.se\/e-butik\/wp-json\/wp\/v2\/product\/81159","targetHints":{"allow":["GET"]}}],"collection":[{"href":"https:\/\/www.atta45.se\/e-butik\/wp-json\/wp\/v2\/product"}],"about":[{"href":"https:\/\/www.atta45.se\/e-butik\/wp-json\/wp\/v2\/types\/product"}],"wp:featuredmedia":[{"embeddable":true,"href":"https:\/\/www.atta45.se\/e-butik\/wp-json\/wp\/v2\/media\/81160"}],"wp:attachment":[{"href":"https:\/\/www.atta45.se\/e-butik\/wp-json\/wp\/v2\/media?parent=81159"}],"wp:term":[{"taxonomy":"product_brand","embeddable":true,"href":"https:\/\/www.atta45.se\/e-butik\/wp-json\/wp\/v2\/product_brand?post=81159"},{"taxonomy":"product_cat","embeddable":true,"href":"https:\/\/www.atta45.se\/e-butik\/wp-json\/wp\/v2\/product_cat?post=81159"},{"taxonomy":"product_tag","embeddable":true,"href":"https:\/\/www.atta45.se\/e-butik\/wp-json\/wp\/v2\/product_tag?post=81159"}],"curies":[{"name":"wp","href":"https:\/\/api.w.org\/{rel}","templated":true}]}}