{"id":81081,"date":"2024-12-27T03:47:03","date_gmt":"2024-12-27T02:47:03","guid":{"rendered":"https:\/\/www.atta45.se\/e-butik\/?post_type=product&#038;p=81081"},"modified":"2025-10-27T18:35:43","modified_gmt":"2025-10-27T17:35:43","slug":"mossa-vildmark-smart","status":"publish","type":"product","link":"https:\/\/www.atta45.se\/e-butik\/produkt\/mossa-vildmark-smart\/","title":{"rendered":"M\u00f6ssa Vildmark Smart"},"content":{"rendered":"<p> Snygg damm\u00f6ssa av akryl finns i fyra olika f\u00e4rgvarianter. Tack vare detta kan du v\u00e4lja den f\u00e4rg som passar dig. G\u00f6r dig sj\u00e4lv eller n\u00e5gon annan fr\u00e5n din inre krets trevlig \u00f6verraskning. BT-Cap f\u00f6r dig.<\/p>\n<p>BtCap<\/p>\n","protected":false},"excerpt":{"rendered":"<p>Snygg damm\u00f6ssa av akryl finns i fyra olika f\u00e4rgvarianter. Tack vare detta kan du v\u00e4lja den f\u00e4rg som passar dig. G\u00f6r dig sj\u00e4lv eller n\u00e5gon annan fr\u00e5n din inre krets trevlig \u00f6verraskning. BT-Cap f\u00f6r dig. BtCap<\/p>\n","protected":false},"featured_media":81082,"template":"","meta":{"_acf_changed":false,"_seopress_robots_primary_cat":"","_seopress_titles_title":"","_seopress_titles_desc":"","_seopress_robots_index":""},"product_brand":[],"product_cat":[15],"product_tag":[],"class_list":{"0":"post-81081","1":"product","2":"type-product","3":"status-publish","4":"has-post-thumbnail","6":"product_cat-okategoriserad","7":"atta45_taxonomy-kepsar-mossor-btcap-collection-mossor-sv","9":"first","10":"instock","11":"taxable","12":"shipping-taxable","13":"purchasable","14":"product-type-variable"},"acf":[],"_links":{"self":[{"href":"https:\/\/www.atta45.se\/e-butik\/wp-json\/wp\/v2\/product\/81081","targetHints":{"allow":["GET"]}}],"collection":[{"href":"https:\/\/www.atta45.se\/e-butik\/wp-json\/wp\/v2\/product"}],"about":[{"href":"https:\/\/www.atta45.se\/e-butik\/wp-json\/wp\/v2\/types\/product"}],"wp:featuredmedia":[{"embeddable":true,"href":"https:\/\/www.atta45.se\/e-butik\/wp-json\/wp\/v2\/media\/81082"}],"wp:attachment":[{"href":"https:\/\/www.atta45.se\/e-butik\/wp-json\/wp\/v2\/media?parent=81081"}],"wp:term":[{"taxonomy":"product_brand","embeddable":true,"href":"https:\/\/www.atta45.se\/e-butik\/wp-json\/wp\/v2\/product_brand?post=81081"},{"taxonomy":"product_cat","embeddable":true,"href":"https:\/\/www.atta45.se\/e-butik\/wp-json\/wp\/v2\/product_cat?post=81081"},{"taxonomy":"product_tag","embeddable":true,"href":"https:\/\/www.atta45.se\/e-butik\/wp-json\/wp\/v2\/product_tag?post=81081"}],"curies":[{"name":"wp","href":"https:\/\/api.w.org\/{rel}","templated":true}]}}