{"id":81053,"date":"2024-12-27T03:46:35","date_gmt":"2024-12-27T02:46:35","guid":{"rendered":"https:\/\/www.atta45.se\/e-butik\/?post_type=product&#038;p=81053"},"modified":"2025-10-27T18:34:34","modified_gmt":"2025-10-27T17:34:34","slug":"mossa-glow-tvatonig","status":"publish","type":"product","link":"https:\/\/www.atta45.se\/e-butik\/produkt\/mossa-glow-tvatonig\/","title":{"rendered":"M\u00f6ssa Glow tv\u00e5tonig"},"content":{"rendered":"<p>Vacker tv\u00e5f\u00e4rgad keps f\u00f6r vuxna. Kvinnor kommer att ha en trevligare dag n\u00e4r de b\u00e4r den h\u00e4r hatten, inte ens kallt v\u00e4der kommer att vara ett hinder f\u00f6r utomhuspromenader.<\/p>\n<p>BtCap<\/p>\n","protected":false},"excerpt":{"rendered":"<p>Vacker tv\u00e5f\u00e4rgad keps f\u00f6r vuxna. Kvinnor kommer att ha en trevligare dag n\u00e4r de b\u00e4r den h\u00e4r hatten, inte ens kallt v\u00e4der kommer att vara ett hinder f\u00f6r utomhuspromenader. BtCap<\/p>\n","protected":false},"featured_media":81054,"template":"","meta":{"_acf_changed":false,"_seopress_robots_primary_cat":"","_seopress_titles_title":"","_seopress_titles_desc":"","_seopress_robots_index":""},"product_brand":[],"product_cat":[15],"product_tag":[],"class_list":{"0":"post-81053","1":"product","2":"type-product","3":"status-publish","4":"has-post-thumbnail","6":"product_cat-okategoriserad","7":"atta45_taxonomy-kepsar-mossor-btcap-collection-mossor-sv","9":"first","10":"instock","11":"taxable","12":"shipping-taxable","13":"purchasable","14":"product-type-variable"},"acf":[],"_links":{"self":[{"href":"https:\/\/www.atta45.se\/e-butik\/wp-json\/wp\/v2\/product\/81053","targetHints":{"allow":["GET"]}}],"collection":[{"href":"https:\/\/www.atta45.se\/e-butik\/wp-json\/wp\/v2\/product"}],"about":[{"href":"https:\/\/www.atta45.se\/e-butik\/wp-json\/wp\/v2\/types\/product"}],"wp:featuredmedia":[{"embeddable":true,"href":"https:\/\/www.atta45.se\/e-butik\/wp-json\/wp\/v2\/media\/81054"}],"wp:attachment":[{"href":"https:\/\/www.atta45.se\/e-butik\/wp-json\/wp\/v2\/media?parent=81053"}],"wp:term":[{"taxonomy":"product_brand","embeddable":true,"href":"https:\/\/www.atta45.se\/e-butik\/wp-json\/wp\/v2\/product_brand?post=81053"},{"taxonomy":"product_cat","embeddable":true,"href":"https:\/\/www.atta45.se\/e-butik\/wp-json\/wp\/v2\/product_cat?post=81053"},{"taxonomy":"product_tag","embeddable":true,"href":"https:\/\/www.atta45.se\/e-butik\/wp-json\/wp\/v2\/product_tag?post=81053"}],"curies":[{"name":"wp","href":"https:\/\/api.w.org\/{rel}","templated":true}]}}