{"id":8105,"date":"2021-08-24T15:58:41","date_gmt":"2021-08-24T13:58:41","guid":{"rendered":"https:\/\/www.atta45.se\/e-butik\/?post_type=product&#038;p=8105"},"modified":"2025-12-12T16:31:29","modified_gmt":"2025-12-12T15:31:29","slug":"bordsmeny-talt","status":"publish","type":"product","link":"https:\/\/www.atta45.se\/e-butik\/produkt\/bordsmeny-talt\/","title":{"rendered":"Bordsmeny T\u00e4lt"},"content":{"rendered":"","protected":false},"excerpt":{"rendered":"<h1>Tryck dina Bordsmenyer T\u00e4lt hos oss \u2013 vi producerar snabbt, leveranss\u00e4kert och till bra pris!<\/h1>\n<p>Bordsryttaren i T\u00e4lt-form kommunicerar med stor yta \u00e5t tv\u00e5 h\u00e5ll samtidigt. Ni kan med f\u00f6rdel trycka olika erbjudanden p\u00e5 de tv\u00e5 sidorna av bordsprataren. Detta \u00e4r en trevlig skyltning som p\u00e5 ett naturligt s\u00e4tt syns v\u00e4l p\u00e5 restauranger, kassadiskar eller butikshyllor. Bordsryttaren \u00e4r ett smart s\u00e4tt att f\u00e5 ut ditt budskap riktigt n\u00e4ra mottagaren utan att uppfattas som p\u00e5tr\u00e4ngande.<\/p>\n<p>Detta \u00e4r en tryckt bordsryttare\/bordspratare med tre sidor tillverkade i kraftigt 300g papper. Bordsryttaren levereras platta men \u00e4r stansade och bigade f\u00f6r snabb och enkel montering. V\u00e5ra popul\u00e4ra Bordsryttare T\u00e4lt finns i tre standardstorlekar och \u00e4r perfekta som restaurangmenyer, baren, i butiken eller p\u00e5 m\u00e4ssan. V\u00e4lj bland olika former och se ditt pris direkt.<\/p>\n<p>OBS: Vi kan endast ta emot en fil per produkt. Om ni vill ladda upp fler tryckoriginal, s\u00e5 skapa en mapp som ni l\u00e4gger filerna i. Sedan komprimerar ni mappen. Vi tar emot komprimerade format s\u00e5som: zip, rar, gz och 7z.<\/p>\n<p>V\u00e4lj bland olika former och se ditt pris direkt. Vi kan naturligtvis g\u00f6ra bordsryttare i vilken storlek du \u00f6nskar, kontakta oss via <a href=\"https:\/\/www.atta45.se\/e-butik\/offert\/\">offertformul\u00e4ret<\/a> s\u00e5 \u00e5terkopplar vi snabbt med prisuppgift.<\/p>\n<p>&nbsp;<\/p>\n","protected":false},"featured_media":8107,"template":"","meta":{"_acf_changed":false,"_seopress_robots_primary_cat":"none","_seopress_titles_title":"Tryck din Bordsmeny Prisma till b\u00e4sta pris | \u00c5tta.45 Tryckeri","_seopress_titles_desc":"Bordsryttaren \u00e4r ett smart s\u00e4tt att f\u00e5 ut ditt budskap riktigt n\u00e4ra mottagaren utan att uppfattas som p\u00e5tr\u00e4ngande. Tryck din Bordsmeny hos oss till b\u00e4sta pris!","_seopress_robots_index":""},"product_brand":[],"product_cat":[15,110,98],"product_tag":[],"class_list":{"0":"post-8105","1":"product","2":"type-product","3":"status-publish","4":"has-post-thumbnail","6":"product_cat-okategoriserad","7":"product_cat-butiksmaterial","8":"product_cat-trycksaker","10":"first","11":"instock","12":"taxable","13":"shipping-taxable","14":"purchasable","15":"product-type-variable","16":"has-default-attributes"},"acf":[],"_links":{"self":[{"href":"https:\/\/www.atta45.se\/e-butik\/wp-json\/wp\/v2\/product\/8105","targetHints":{"allow":["GET"]}}],"collection":[{"href":"https:\/\/www.atta45.se\/e-butik\/wp-json\/wp\/v2\/product"}],"about":[{"href":"https:\/\/www.atta45.se\/e-butik\/wp-json\/wp\/v2\/types\/product"}],"wp:featuredmedia":[{"embeddable":true,"href":"https:\/\/www.atta45.se\/e-butik\/wp-json\/wp\/v2\/media\/8107"}],"wp:attachment":[{"href":"https:\/\/www.atta45.se\/e-butik\/wp-json\/wp\/v2\/media?parent=8105"}],"wp:term":[{"taxonomy":"product_brand","embeddable":true,"href":"https:\/\/www.atta45.se\/e-butik\/wp-json\/wp\/v2\/product_brand?post=8105"},{"taxonomy":"product_cat","embeddable":true,"href":"https:\/\/www.atta45.se\/e-butik\/wp-json\/wp\/v2\/product_cat?post=8105"},{"taxonomy":"product_tag","embeddable":true,"href":"https:\/\/www.atta45.se\/e-butik\/wp-json\/wp\/v2\/product_tag?post=8105"}],"curies":[{"name":"wp","href":"https:\/\/api.w.org\/{rel}","templated":true}]}}