{"id":81023,"date":"2024-12-27T03:46:10","date_gmt":"2024-12-27T02:46:10","guid":{"rendered":"https:\/\/www.atta45.se\/e-butik\/?post_type=product&#038;p=81023"},"modified":"2025-10-27T18:34:21","modified_gmt":"2025-10-27T17:34:21","slug":"mossa-stickad-kabel","status":"publish","type":"product","link":"https:\/\/www.atta45.se\/e-butik\/produkt\/mossa-stickad-kabel\/","title":{"rendered":"M\u00f6ssa Stickad Kabel"},"content":{"rendered":"<p> Fin universalm\u00f6ssa f\u00f6r vuxna med pompom, sju olika f\u00e4rgvarianter tillg\u00e4ngliga. M\u00f6ssan \u00e4r glad eftersom f\u00e4rgen \u00e4ndras i tre r\u00e4nder. Kalla dagar kommer att vara roliga n\u00e4r du b\u00e4r den h\u00e4r modellen.<\/p>\n<p>BtCap<\/p>\n","protected":false},"excerpt":{"rendered":"<p>Fin universalm\u00f6ssa f\u00f6r vuxna med pompom, sju olika f\u00e4rgvarianter tillg\u00e4ngliga. M\u00f6ssan \u00e4r glad eftersom f\u00e4rgen \u00e4ndras i tre r\u00e4nder. Kalla dagar kommer att vara roliga n\u00e4r du b\u00e4r den h\u00e4r modellen. BtCap<\/p>\n","protected":false},"featured_media":81024,"template":"","meta":{"_acf_changed":false,"_seopress_robots_primary_cat":"","_seopress_titles_title":"","_seopress_titles_desc":"","_seopress_robots_index":""},"product_brand":[],"product_cat":[15],"product_tag":[],"class_list":{"0":"post-81023","1":"product","2":"type-product","3":"status-publish","4":"has-post-thumbnail","6":"product_cat-okategoriserad","7":"atta45_taxonomy-kepsar-mossor-btcap-collection-mossor-sv","9":"first","10":"instock","11":"taxable","12":"shipping-taxable","13":"purchasable","14":"product-type-variable"},"acf":[],"_links":{"self":[{"href":"https:\/\/www.atta45.se\/e-butik\/wp-json\/wp\/v2\/product\/81023","targetHints":{"allow":["GET"]}}],"collection":[{"href":"https:\/\/www.atta45.se\/e-butik\/wp-json\/wp\/v2\/product"}],"about":[{"href":"https:\/\/www.atta45.se\/e-butik\/wp-json\/wp\/v2\/types\/product"}],"wp:featuredmedia":[{"embeddable":true,"href":"https:\/\/www.atta45.se\/e-butik\/wp-json\/wp\/v2\/media\/81024"}],"wp:attachment":[{"href":"https:\/\/www.atta45.se\/e-butik\/wp-json\/wp\/v2\/media?parent=81023"}],"wp:term":[{"taxonomy":"product_brand","embeddable":true,"href":"https:\/\/www.atta45.se\/e-butik\/wp-json\/wp\/v2\/product_brand?post=81023"},{"taxonomy":"product_cat","embeddable":true,"href":"https:\/\/www.atta45.se\/e-butik\/wp-json\/wp\/v2\/product_cat?post=81023"},{"taxonomy":"product_tag","embeddable":true,"href":"https:\/\/www.atta45.se\/e-butik\/wp-json\/wp\/v2\/product_tag?post=81023"}],"curies":[{"name":"wp","href":"https:\/\/api.w.org\/{rel}","templated":true}]}}