{"id":8100,"date":"2021-08-24T15:23:38","date_gmt":"2021-08-24T13:23:38","guid":{"rendered":"https:\/\/www.atta45.se\/e-butik\/?post_type=product&#038;p=8100"},"modified":"2025-12-12T16:30:38","modified_gmt":"2025-12-12T15:30:38","slug":"bordsmeny-prisma","status":"publish","type":"product","link":"https:\/\/www.atta45.se\/e-butik\/produkt\/bordsmeny-prisma\/","title":{"rendered":"Bordsmeny Prisma"},"content":{"rendered":"","protected":false},"excerpt":{"rendered":"<h1>Trycka bordsmeny i prismaform<\/h1>\n<p>Vill du n\u00e5 riktigt n\u00e4ra mottagaren med ditt budskap utan att uppfattas som p\u00e5tr\u00e4ngande? I s\u00e5 fall kan en bordsryttare vara precis det du beh\u00f6ver. Budskapet syns fr\u00e5n flera h\u00e5ll, s\u00e5 du kan trycka olika erbjudanden p\u00e5 olika sidor av bordsprataren. Med en bordspratare kommer du p\u00e5 ett inbjudande och naturligt s\u00e4tt n\u00e4ra mottagaren. Perfekt f\u00f6r restauranger, kassadiskar och butikshyllor.<\/p>\n<p>Vi p\u00e5 \u00c5tta45 Tryckeri har utrustningen och kompetensen att snabbt trycka och leverera bordsmenyer med h\u00f6g kvalitet och till ett mycket konkurrenskraftigt pris.<\/p>\n<h2>Bordsryttaren \u2013 en pratare med tre ansikten<\/h2>\n<p>Bordsryttaren har tre sidor och tillverkas i kraftigt 300g papper. Bordsryttarna levereras platta men \u00e4r stansade och bigade s\u00e5 att du snabbt och enkelt kan montera dem. V\u00e5ra popul\u00e4ra bordspratare i prismaform finns i tre standardstorlekar och har m\u00e5nga anv\u00e4ndningsomr\u00e5den: allt fr\u00e5n vanlig bordsmeny p\u00e5 restaurangen eller i baren till trevlig reklam p\u00e5 ett st\u00e5bord vid en m\u00e4ssa.<\/p>\n<p>Vi kan naturligtvis g\u00f6ra bordsryttare i den storlek du \u00f6nskar. Du kan bara kontakta oss via knappen nedan s\u00e5 \u00e5terkopplar vi snabbt och ger dig den support du beh\u00f6ver.<\/p>\n<p>Har du fr\u00e5gor n\u00e5r du oss enkelt via chattfunktionen l\u00e4ngst ner till h\u00f6ger p\u00e5 den h\u00e4r sidan.<br \/>\n<a href=\"https:\/\/www.atta45.se\/e-butik\/offert\/\"><strong>Jag vill ha en offert<\/strong><\/a><\/p>\n<h2>Bordsmeny, bordspratare och bordsryttare \u2013 varf\u00f6r s\u00e5 m\u00e5nga namn?<\/h2>\n<p>De olika namnen p\u00e5 den h\u00e4r lilla reklampelaren framh\u00e5ller hur m\u00e5nga anv\u00e4ndningsomr\u00e5den den har.<\/p>\n<p>Bordsmeny: En beh\u00e4ndig bordsmeny \u00e4r ett perfekt alternativ till stora, platta menyer som tar upp mycket av platsen p\u00e5 bordet. Efter best\u00e4llning tar man oftast bort de platta menyerna men bordsmenyn kan l\u00e4mnas kvar p\u00e5 bordet och forts\u00e4tta att fresta g\u00e4sterna att best\u00e4lla en drink eller en efterr\u00e4tt efter maten.<\/p>\n<p>Bordspratare eller bordsryttare: Vid en m\u00e4ssa eller i en reception hj\u00e4lper bordsprataren dig att informera. Du hinner inte prata med alla och m\u00e5nga f\u00f6redrar att l\u00e4sa i lugn och ro sj\u00e4lva. P\u00e5 ett trevligt och inbjudande s\u00e4tt f\u00e5r du plats med mycket information p\u00e5 bordspratarens tre sidor. Perfekt att st\u00e4lla p\u00e5 st\u00e5bord, vid montrar eller p\u00e5 receptionsdiskar.<\/p>\n<h2>\u00c5tta45 Tryckeri prioriterar kund och kvalitet<\/h2>\n<p>\u00c5tta45 Tryckeri har funnits sedan 1999 och \u00e4r ett av Sveriges st\u00f6rsta grafiska f\u00f6retag. V\u00e5r CGP-certifiering garanterar att alla trycksaker du best\u00e4ller hos oss h\u00e5ller h\u00f6gsta kvalitet.<\/p>\n<p>Vi jobbar st\u00e4ndigt med att f\u00f6rb\u00e4ttra v\u00e5ra arbetsprocesser f\u00f6r att kunna leverera allra b\u00e4sta service. V\u00e5ra engagerade medarbetare g\u00f6r allt f\u00f6r att du som kund ska k\u00e4nna dig trygg och omh\u00e4ndertagen.<\/p>\n<h2>Vi klimatkompenserar dina bordsmenyer<\/h2>\n<p>F\u00f6r oss \u00e4r milj\u00f6engagemang en sj\u00e4lvklarhet. \u00c5tta45 Tryckeri \u00e4r det f\u00f6rsta tryckeriet i Sverige som fick licens f\u00f6r Svanen.<\/p>\n<p>Allt som kommer ut ur v\u00e5ra tryckpressar och som du best\u00e4ller h\u00e4r i v\u00e5r e-butik \u00e4r klimatkompenserat. \u00c5tta45 Tryckeri klimatkompenserar i samarbete med South Pole, som \u00e4r en av v\u00e4rldens ledande utvecklare av klimatprojekt.<\/p>\n<p>Vill du m\u00e4rka din trycksak s\u00e5 att dina kunder ser att den \u00e4r milj\u00f6v\u00e4nlig? Kontakta bara oss, s\u00e5 tillhandah\u00e5ller vi ClimateCalc-logotype med QR-kod som visar att produkten \u00e4r klimatkompenserad. Vi kan ocks\u00e5 f\u00f6rse dig med v\u00e5r Svanen-logotyp s\u00e5 att du kan m\u00e4rka dina trycksaker med Svanen.<\/p>\n","protected":false},"featured_media":8102,"template":"","meta":{"_acf_changed":false,"_seopress_robots_primary_cat":"none","_seopress_titles_title":"Tryck din Bordsmeny Prisma till b\u00e4sta pris | \u00c5tta.45 Tryckeri","_seopress_titles_desc":"Bordsryttaren \u00e4r ett smart s\u00e4tt att f\u00e5 ut ditt budskap riktigt n\u00e4ra mottagaren utan att uppfattas som p\u00e5tr\u00e4ngande. Tryck din Bordsmeny hos oss till b\u00e4sta pris!","_seopress_robots_index":""},"product_brand":[],"product_cat":[15,110,98],"product_tag":[],"class_list":{"0":"post-8100","1":"product","2":"type-product","3":"status-publish","4":"has-post-thumbnail","6":"product_cat-okategoriserad","7":"product_cat-butiksmaterial","8":"product_cat-trycksaker","10":"first","11":"instock","12":"taxable","13":"shipping-taxable","14":"purchasable","15":"product-type-variable","16":"has-default-attributes"},"acf":[],"_links":{"self":[{"href":"https:\/\/www.atta45.se\/e-butik\/wp-json\/wp\/v2\/product\/8100","targetHints":{"allow":["GET"]}}],"collection":[{"href":"https:\/\/www.atta45.se\/e-butik\/wp-json\/wp\/v2\/product"}],"about":[{"href":"https:\/\/www.atta45.se\/e-butik\/wp-json\/wp\/v2\/types\/product"}],"wp:featuredmedia":[{"embeddable":true,"href":"https:\/\/www.atta45.se\/e-butik\/wp-json\/wp\/v2\/media\/8102"}],"wp:attachment":[{"href":"https:\/\/www.atta45.se\/e-butik\/wp-json\/wp\/v2\/media?parent=8100"}],"wp:term":[{"taxonomy":"product_brand","embeddable":true,"href":"https:\/\/www.atta45.se\/e-butik\/wp-json\/wp\/v2\/product_brand?post=8100"},{"taxonomy":"product_cat","embeddable":true,"href":"https:\/\/www.atta45.se\/e-butik\/wp-json\/wp\/v2\/product_cat?post=8100"},{"taxonomy":"product_tag","embeddable":true,"href":"https:\/\/www.atta45.se\/e-butik\/wp-json\/wp\/v2\/product_tag?post=8100"}],"curies":[{"name":"wp","href":"https:\/\/api.w.org\/{rel}","templated":true}]}}