{"id":80997,"date":"2024-12-27T03:45:47","date_gmt":"2024-12-27T02:45:47","guid":{"rendered":"https:\/\/www.atta45.se\/e-butik\/?post_type=product&#038;p=80997"},"modified":"2025-10-27T18:34:07","modified_gmt":"2025-10-27T17:34:07","slug":"mossa-rough","status":"publish","type":"product","link":"https:\/\/www.atta45.se\/e-butik\/produkt\/mossa-rough\/","title":{"rendered":"M\u00f6ssa Rough"},"content":{"rendered":"<p> Fin damm\u00f6ssa finns i fem f\u00e4rgvarianter. Det \u00e4r verkligen snygg modell som skyddar dig fr\u00e5n kyla i alla v\u00e4der. Om du vill h\u00e5lla dig snygg och skydda dig mot kyla \u00e4r denna produkt f\u00f6r dig.<\/p>\n<p>BtCap<\/p>\n","protected":false},"excerpt":{"rendered":"<p>Fin damm\u00f6ssa finns i fem f\u00e4rgvarianter. Det \u00e4r verkligen snygg modell som skyddar dig fr\u00e5n kyla i alla v\u00e4der. Om du vill h\u00e5lla dig snygg och skydda dig mot kyla \u00e4r denna produkt f\u00f6r dig. BtCap<\/p>\n","protected":false},"featured_media":80998,"template":"","meta":{"_acf_changed":false,"_seopress_robots_primary_cat":"","_seopress_titles_title":"","_seopress_titles_desc":"","_seopress_robots_index":""},"product_brand":[],"product_cat":[15],"product_tag":[],"class_list":{"0":"post-80997","1":"product","2":"type-product","3":"status-publish","4":"has-post-thumbnail","6":"product_cat-okategoriserad","7":"atta45_taxonomy-kepsar-mossor-btcap-collection-mossor-sv","9":"first","10":"instock","11":"taxable","12":"shipping-taxable","13":"purchasable","14":"product-type-variable"},"acf":[],"_links":{"self":[{"href":"https:\/\/www.atta45.se\/e-butik\/wp-json\/wp\/v2\/product\/80997","targetHints":{"allow":["GET"]}}],"collection":[{"href":"https:\/\/www.atta45.se\/e-butik\/wp-json\/wp\/v2\/product"}],"about":[{"href":"https:\/\/www.atta45.se\/e-butik\/wp-json\/wp\/v2\/types\/product"}],"wp:featuredmedia":[{"embeddable":true,"href":"https:\/\/www.atta45.se\/e-butik\/wp-json\/wp\/v2\/media\/80998"}],"wp:attachment":[{"href":"https:\/\/www.atta45.se\/e-butik\/wp-json\/wp\/v2\/media?parent=80997"}],"wp:term":[{"taxonomy":"product_brand","embeddable":true,"href":"https:\/\/www.atta45.se\/e-butik\/wp-json\/wp\/v2\/product_brand?post=80997"},{"taxonomy":"product_cat","embeddable":true,"href":"https:\/\/www.atta45.se\/e-butik\/wp-json\/wp\/v2\/product_cat?post=80997"},{"taxonomy":"product_tag","embeddable":true,"href":"https:\/\/www.atta45.se\/e-butik\/wp-json\/wp\/v2\/product_tag?post=80997"}],"curies":[{"name":"wp","href":"https:\/\/api.w.org\/{rel}","templated":true}]}}