{"id":80975,"date":"2024-12-27T03:45:28","date_gmt":"2024-12-27T02:45:28","guid":{"rendered":"https:\/\/www.atta45.se\/e-butik\/?post_type=product&#038;p=80975"},"modified":"2025-10-27T18:33:54","modified_gmt":"2025-10-27T17:33:54","slug":"mossa-tripplerand","status":"publish","type":"product","link":"https:\/\/www.atta45.se\/e-butik\/produkt\/mossa-tripplerand\/","title":{"rendered":"M\u00f6ssa Tripplerand"},"content":{"rendered":"<p> Denna BT-Cap m\u00f6ssa \u00e4r en klassisk snygg, perfekt val f\u00f6r m\u00e4n och kvinnor som inte vill ha det kallt under kalla vinterdagar. Vi har f\u00f6rberett fem olika f\u00e4rgvarianter med tre r\u00e4nder s\u00e5 allt du beh\u00f6ver g\u00f6ra \u00e4r att v\u00e4lja en.<\/p>\n<p>BtCap<\/p>\n","protected":false},"excerpt":{"rendered":"<p>Denna BT-Cap m\u00f6ssa \u00e4r en klassisk snygg, perfekt val f\u00f6r m\u00e4n och kvinnor som inte vill ha det kallt under kalla vinterdagar. Vi har f\u00f6rberett fem olika f\u00e4rgvarianter med tre r\u00e4nder s\u00e5 allt du beh\u00f6ver g\u00f6ra \u00e4r att v\u00e4lja en. BtCap<\/p>\n","protected":false},"featured_media":80976,"template":"","meta":{"_acf_changed":false,"_seopress_robots_primary_cat":"","_seopress_titles_title":"","_seopress_titles_desc":"","_seopress_robots_index":""},"product_brand":[],"product_cat":[15],"product_tag":[],"class_list":{"0":"post-80975","1":"product","2":"type-product","3":"status-publish","4":"has-post-thumbnail","6":"product_cat-okategoriserad","7":"atta45_taxonomy-kepsar-mossor-btcap-collection-mossor-sv","9":"first","10":"instock","11":"taxable","12":"shipping-taxable","13":"purchasable","14":"product-type-variable"},"acf":[],"_links":{"self":[{"href":"https:\/\/www.atta45.se\/e-butik\/wp-json\/wp\/v2\/product\/80975","targetHints":{"allow":["GET"]}}],"collection":[{"href":"https:\/\/www.atta45.se\/e-butik\/wp-json\/wp\/v2\/product"}],"about":[{"href":"https:\/\/www.atta45.se\/e-butik\/wp-json\/wp\/v2\/types\/product"}],"wp:featuredmedia":[{"embeddable":true,"href":"https:\/\/www.atta45.se\/e-butik\/wp-json\/wp\/v2\/media\/80976"}],"wp:attachment":[{"href":"https:\/\/www.atta45.se\/e-butik\/wp-json\/wp\/v2\/media?parent=80975"}],"wp:term":[{"taxonomy":"product_brand","embeddable":true,"href":"https:\/\/www.atta45.se\/e-butik\/wp-json\/wp\/v2\/product_brand?post=80975"},{"taxonomy":"product_cat","embeddable":true,"href":"https:\/\/www.atta45.se\/e-butik\/wp-json\/wp\/v2\/product_cat?post=80975"},{"taxonomy":"product_tag","embeddable":true,"href":"https:\/\/www.atta45.se\/e-butik\/wp-json\/wp\/v2\/product_tag?post=80975"}],"curies":[{"name":"wp","href":"https:\/\/api.w.org\/{rel}","templated":true}]}}