{"id":8091,"date":"2021-08-23T16:57:34","date_gmt":"2021-08-23T14:57:34","guid":{"rendered":"https:\/\/www.atta45.se\/e-butik\/?post_type=product&#038;p=8091"},"modified":"2022-06-07T11:44:17","modified_gmt":"2022-06-07T09:44:17","slug":"dekal-parkering-forbjuden-bortforsling","status":"publish","type":"product","link":"https:\/\/www.atta45.se\/e-butik\/produkt\/dekal-parkering-forbjuden-bortforsling\/","title":{"rendered":"Dekal \u201dParkering f\u00f6rbjuden \u2013 bortforsling\u201d"},"content":{"rendered":"","protected":false},"excerpt":{"rendered":"<p><strong>Format: A3, 297&#215;420 mm. Material: Dekal i t\u00e5lig vinyl.\u00a0<\/strong>Denna skyltning har ett starkt signalv\u00e4rde. Den ber\u00e4ttar p\u00e5 ett tydligt s\u00e4tt att det \u00e4r f\u00f6rbjudet att parkera h\u00e4r och att \u00f6vertr\u00e4delser beivras med bortforsling av fordon.<\/p>\n<p><a href=\"https:\/\/www.atta45.se\/e-butik\/brf\/\">Tillbaka till produktsidan f\u00f6r BRF.<\/a><\/p>\n<p>&nbsp;<\/p>\n","protected":false},"featured_media":8092,"template":"","meta":{"_acf_changed":false,"_seopress_robots_primary_cat":"none","_seopress_titles_title":"Skylt Parkering f\u00f6rbjuden | \u00c5tta.45 Tryckeri","_seopress_titles_desc":"Vi har alla typer av skyltar f\u00f6r din bostadsr\u00e4ttsf\u00f6rening. Vi tillverkar skyltar i h\u00e5llbara material med snabb leverans till b\u00e4sta pris!","_seopress_robots_index":""},"product_brand":[],"product_cat":[591],"product_tag":[],"class_list":{"0":"post-8091","1":"product","2":"type-product","3":"status-publish","4":"has-post-thumbnail","6":"product_cat-brf","8":"first","9":"instock","10":"taxable","11":"shipping-taxable","12":"purchasable","13":"product-type-simple"},"acf":[],"_links":{"self":[{"href":"https:\/\/www.atta45.se\/e-butik\/wp-json\/wp\/v2\/product\/8091","targetHints":{"allow":["GET"]}}],"collection":[{"href":"https:\/\/www.atta45.se\/e-butik\/wp-json\/wp\/v2\/product"}],"about":[{"href":"https:\/\/www.atta45.se\/e-butik\/wp-json\/wp\/v2\/types\/product"}],"wp:featuredmedia":[{"embeddable":true,"href":"https:\/\/www.atta45.se\/e-butik\/wp-json\/wp\/v2\/media\/8092"}],"wp:attachment":[{"href":"https:\/\/www.atta45.se\/e-butik\/wp-json\/wp\/v2\/media?parent=8091"}],"wp:term":[{"taxonomy":"product_brand","embeddable":true,"href":"https:\/\/www.atta45.se\/e-butik\/wp-json\/wp\/v2\/product_brand?post=8091"},{"taxonomy":"product_cat","embeddable":true,"href":"https:\/\/www.atta45.se\/e-butik\/wp-json\/wp\/v2\/product_cat?post=8091"},{"taxonomy":"product_tag","embeddable":true,"href":"https:\/\/www.atta45.se\/e-butik\/wp-json\/wp\/v2\/product_tag?post=8091"}],"curies":[{"name":"wp","href":"https:\/\/api.w.org\/{rel}","templated":true}]}}